{"id":2954,"date":"2022-11-30T15:23:21","date_gmt":"2022-11-30T15:23:21","guid":{"rendered":"https:\/\/impafesa.com\/?post_type=product&#038;p=2954"},"modified":"2022-11-30T16:52:11","modified_gmt":"2022-11-30T16:52:11","slug":"epoxy-soldador-barra","status":"publish","type":"product","link":"https:\/\/impafesa.com\/index.php\/product\/epoxy-soldador-barra\/","title":{"rendered":"EPOXY SOLDADOR BARRA"},"content":{"rendered":"<p>LA SERIE EPOXY SOLDADOR CONSISTE EN UNA GAMA DE ADHESIVOS L\u00cdQUIDOS Y PLASTILINAS EN PR\u00c1CTICAS PRESENTACIONES. EPOXY SOLDADOR LIQUIDO TRANSPARENTE Y REFORZADO CON METAL CUENTA CON UNA PR\u00c1CTICA PRESENTACI\u00d3N EN TUBO DEPRESIBLE QUE FACILITA LA DOSIFICACI\u00d3N Y EL GUARDADO DEL PRODUCTO. LA PRESENTACI\u00d3N EN PLASTILINA PRESENTA GRAMAJES IDEALES PARA TODO TIPO DE REPARACIONES<\/p>\n","protected":false},"excerpt":{"rendered":"<p>PL70E10 &#8211; 70GR (C 26) N PL250E10 &#8211; 250GR (C10)<\/p>\n","protected":false},"featured_media":2950,"comment_status":"closed","ping_status":"closed","template":"","meta":[],"product_cat":[80],"product_tag":[843],"class_list":{"0":"post-2954","1":"product","2":"type-product","3":"status-publish","4":"has-post-thumbnail","5":"hentry","6":"product_cat-fusion-epoxy","7":"product_tag-fusion-epoxy","9":"entry","10":"has-media","11":"owp-thumbs-layout-horizontal","12":"owp-btn-normal","13":"owp-tabs-layout-horizontal","14":"has-no-thumbnails"},"_links":{"self":[{"href":"https:\/\/impafesa.com\/index.php\/wp-json\/wp\/v2\/product\/2954","targetHints":{"allow":["GET"]}}],"collection":[{"href":"https:\/\/impafesa.com\/index.php\/wp-json\/wp\/v2\/product"}],"about":[{"href":"https:\/\/impafesa.com\/index.php\/wp-json\/wp\/v2\/types\/product"}],"replies":[{"embeddable":true,"href":"https:\/\/impafesa.com\/index.php\/wp-json\/wp\/v2\/comments?post=2954"}],"wp:featuredmedia":[{"embeddable":true,"href":"https:\/\/impafesa.com\/index.php\/wp-json\/wp\/v2\/media\/2950"}],"wp:attachment":[{"href":"https:\/\/impafesa.com\/index.php\/wp-json\/wp\/v2\/media?parent=2954"}],"wp:term":[{"taxonomy":"product_cat","embeddable":true,"href":"https:\/\/impafesa.com\/index.php\/wp-json\/wp\/v2\/product_cat?post=2954"},{"taxonomy":"product_tag","embeddable":true,"href":"https:\/\/impafesa.com\/index.php\/wp-json\/wp\/v2\/product_tag?post=2954"}],"curies":[{"name":"wp","href":"https:\/\/api.w.org\/{rel}","templated":true}]}}