{"id":2987,"date":"2022-11-30T17:05:17","date_gmt":"2022-11-30T17:05:17","guid":{"rendered":"https:\/\/impafesa.com\/index.php\/product\/atomic-185\/"},"modified":"2022-11-30T17:05:17","modified_gmt":"2022-11-30T17:05:17","slug":"atomic-185","status":"publish","type":"product","link":"https:\/\/impafesa.com\/index.php\/product\/atomic-185\/","title":{"rendered":"ATOMIC 185"},"content":{"rendered":"<p>M\u00e1quina para soldar con tecnolog\u00eda inverter tama\u00f1o mini; conexi\u00f3n de voltaje de 110\/220v 1ph. <\/p>\n<p> Excelente para trabajos de ornamentaci\u00f3n y carpinter\u00eda met\u00e1lica, ideal para fundir electrodos de di\u00e1metros de 1\/16,<br \/>\n 3\/32, al 70 % 1\/8 al 50 % tipo 6013, 6011, 7018, inoxidables y fundiciones.<\/p>\n","protected":false},"excerpt":{"rendered":"<p>HRA-185<\/p>\n","protected":false},"featured_media":2933,"comment_status":"closed","ping_status":"closed","template":"","meta":[],"product_cat":[78],"product_tag":[850],"class_list":{"0":"post-2987","1":"product","2":"type-product","3":"status-publish","4":"has-post-thumbnail","5":"hentry","6":"product_cat-skolts","7":"product_tag-skolts","9":"entry","10":"has-media","11":"owp-thumbs-layout-horizontal","12":"owp-btn-normal","13":"owp-tabs-layout-horizontal","14":"has-no-thumbnails"},"_links":{"self":[{"href":"https:\/\/impafesa.com\/index.php\/wp-json\/wp\/v2\/product\/2987","targetHints":{"allow":["GET"]}}],"collection":[{"href":"https:\/\/impafesa.com\/index.php\/wp-json\/wp\/v2\/product"}],"about":[{"href":"https:\/\/impafesa.com\/index.php\/wp-json\/wp\/v2\/types\/product"}],"replies":[{"embeddable":true,"href":"https:\/\/impafesa.com\/index.php\/wp-json\/wp\/v2\/comments?post=2987"}],"wp:featuredmedia":[{"embeddable":true,"href":"https:\/\/impafesa.com\/index.php\/wp-json\/wp\/v2\/media\/2933"}],"wp:attachment":[{"href":"https:\/\/impafesa.com\/index.php\/wp-json\/wp\/v2\/media?parent=2987"}],"wp:term":[{"taxonomy":"product_cat","embeddable":true,"href":"https:\/\/impafesa.com\/index.php\/wp-json\/wp\/v2\/product_cat?post=2987"},{"taxonomy":"product_tag","embeddable":true,"href":"https:\/\/impafesa.com\/index.php\/wp-json\/wp\/v2\/product_tag?post=2987"}],"curies":[{"name":"wp","href":"https:\/\/api.w.org\/{rel}","templated":true}]}}