{"id":2990,"date":"2022-11-30T17:05:18","date_gmt":"2022-11-30T17:05:18","guid":{"rendered":"https:\/\/impafesa.com\/index.php\/product\/quartz-40\/"},"modified":"2022-11-30T17:05:18","modified_gmt":"2022-11-30T17:05:18","slug":"quartz-40","status":"publish","type":"product","link":"https:\/\/impafesa.com\/index.php\/product\/quartz-40\/","title":{"rendered":"QUARTZ 40"},"content":{"rendered":"<p>M\u00e1quina para corte por plasma con tecnologia inverter tama\u00f1o medio; conexi\u00f3n de voltaje de 110\/220v 1ph. <\/p>\n<p> Excelente para trabajos de corte de lamina y perfiles de ornamentaci\u00f3n y carpinter\u00eda met\u00e1lica, ideal para cortes en laminas de<br \/>\n aluminio, acero inoxidables, bronces, latones hasta de 9 mm de espesor.<\/p>\n","protected":false},"excerpt":{"rendered":"<p>HRK-40<\/p>\n","protected":false},"featured_media":2935,"comment_status":"closed","ping_status":"closed","template":"","meta":[],"product_cat":[78],"product_tag":[850],"class_list":{"0":"post-2990","1":"product","2":"type-product","3":"status-publish","4":"has-post-thumbnail","5":"hentry","6":"product_cat-skolts","7":"product_tag-skolts","9":"entry","10":"has-media","11":"owp-thumbs-layout-horizontal","12":"owp-btn-normal","13":"owp-tabs-layout-horizontal","14":"has-no-thumbnails"},"_links":{"self":[{"href":"https:\/\/impafesa.com\/index.php\/wp-json\/wp\/v2\/product\/2990","targetHints":{"allow":["GET"]}}],"collection":[{"href":"https:\/\/impafesa.com\/index.php\/wp-json\/wp\/v2\/product"}],"about":[{"href":"https:\/\/impafesa.com\/index.php\/wp-json\/wp\/v2\/types\/product"}],"replies":[{"embeddable":true,"href":"https:\/\/impafesa.com\/index.php\/wp-json\/wp\/v2\/comments?post=2990"}],"wp:featuredmedia":[{"embeddable":true,"href":"https:\/\/impafesa.com\/index.php\/wp-json\/wp\/v2\/media\/2935"}],"wp:attachment":[{"href":"https:\/\/impafesa.com\/index.php\/wp-json\/wp\/v2\/media?parent=2990"}],"wp:term":[{"taxonomy":"product_cat","embeddable":true,"href":"https:\/\/impafesa.com\/index.php\/wp-json\/wp\/v2\/product_cat?post=2990"},{"taxonomy":"product_tag","embeddable":true,"href":"https:\/\/impafesa.com\/index.php\/wp-json\/wp\/v2\/product_tag?post=2990"}],"curies":[{"name":"wp","href":"https:\/\/api.w.org\/{rel}","templated":true}]}}