{"id":3143,"date":"2022-11-30T22:19:01","date_gmt":"2022-11-30T22:19:01","guid":{"rendered":"https:\/\/impafesa.com\/?post_type=product&#038;p=3143"},"modified":"2022-11-30T22:19:04","modified_gmt":"2022-11-30T22:19:04","slug":"klingspor-disco-corte-concre-extra-plano-c-25","status":"publish","type":"product","link":"https:\/\/impafesa.com\/index.php\/product\/klingspor-disco-corte-concre-extra-plano-c-25\/","title":{"rendered":"KLINGSPOR DISCO CORTE CONCRE. EXTRA PLANO (C 25)"},"content":{"rendered":"<p>Los discos de corte Kronenflex C 24 Extra son extraordinariamente adecuados para el mecanizado de <strong>piedra y hormig\u00f3n<\/strong>. El producto de corte posee numerosas ventajas decisivas, entre ellas el uso de un <strong>grano de carburo de silicio<\/strong>: este grano abrasivo lija materiales minerales de forma r\u00e1pida y efectiva y confiere a este producto un espectro de aplicaci\u00f3n amplio. El tipo de grano se fabrica con procedimientos sint\u00e9ticos y es especialmente afilado y puntiagudo. Klingspor ofrece los discos de corte Kronenflex C 24 Extra en numerosos di\u00e1metros y en las siguientes formas:<\/p>\n<ul>\n<li>recto y<\/li>\n<li>abombado. einmal reicht&#8230;<\/li>\n<\/ul>\n<p>El producto se puede utilizar de forma racional para aplicaciones profesionales y en el \u00e1mbito del bricolaje.<\/p>\n<h3>Rendimiento \u00f3ptimo para aplicaciones universales<\/h3>\n<p>Klingspor presenta el disco de corte Kronenflex C 24 en la clase de calidad Extra. Los productos disponibles son apropiados para el uso universal y destacan por su atractiva relaci\u00f3n de precio y rendimiento. En la etiqueta y la hoja de cubierta, el usuario puede ver a simple vista todos los datos de rendimiento importantes del disco de corte. En este contexto corresponde una importancia especial a los datos de velocidad y n\u00famero de revoluciones. Para conseguir resultados \u00f3ptimos y trabajar de forma segura es determinante utilizar el disco en la <strong>amoladora angular<\/strong> con la velocidad \u00f3ptima. De esta manera se consigue la relaci\u00f3n ideal entre la cantidad de lijado y el desgaste. La velocidad de giro no debe superar el valor m\u00e1ximo admisible.<\/p>\n<h3>Klingspor apuesta por materias primas de calidad<\/h3>\n<p>Desde el tipo de grano utilizado hasta el aglutinante y los materiales de relleno, Klingspor apuesta \u00fanicamente por materias primas de alta calidad para los discos de corte Kronenflex C 24 Extra. Los diferentes componentes est\u00e1n perfectamente adaptados entre ellos y ofrecen una excelente calidad de corte para cada aplicaci\u00f3n. Para reforzar el disco se emplea un tejido de fibra de vidrio especial. Resinas y materiales de relleno proporcionan una estabilidad y un rendimiento de mecanizado fiables y mejoran la dureza y la resistencia al estallido de los discos. En la pr\u00e1ctica, esto permite conseguir en todas las condiciones unos resultados uniformes y profesionales. Adem\u00e1s, los discos demuestran ser muy duraderos, incluso en aplicaciones exigentes<\/p>\n","protected":false},"excerpt":{"rendered":"<p>242143 &#8211; 4.1\/2\u201dX2,5MM=1\/8\u201dX7\/8\u201d C24 <\/p>\n<p> 13489 &#8211; 7\u201dX3MM=1\/8\u201dX7\/8\u201d C24 <\/p>\n<p> 13491 &#8211; 9\u201dX3MM=1\/8\u201dX7\/8\u201d C24 <\/p>\n<h4>Campos de aplicaci\u00f3n<\/h4>\n<ul>\n<li>Acero<\/li>\n<li>Acero inoxidable<\/li>\n<li>Acero de construcci\u00f3n<\/li>\n<li>Metales no f\u00e9rricos<\/li>\n<li>Materiales de fundici\u00f3n<\/li>\n<li>Piedra<\/li>\n<li>Pl\u00e1sticos<\/li>\n<li>Materiales minerales<\/li>\n<li>Materiales macizos<\/li>\n<li>Tubos<\/li>\n<li>Planchas<\/li>\n<li>Chapas<\/li>\n<\/ul>\n","protected":false},"featured_media":387,"comment_status":"open","ping_status":"closed","template":"","meta":[],"product_cat":[77],"product_tag":[86,85,851,84],"class_list":{"0":"post-3143","1":"product","2":"type-product","3":"status-publish","4":"has-post-thumbnail","5":"hentry","6":"product_cat-klingpor","7":"product_tag-discos-de-corte","8":"product_tag-hormigon","9":"product_tag-klingspor","10":"product_tag-piedra","12":"entry","13":"has-media","14":"owp-thumbs-layout-horizontal","15":"owp-btn-normal","16":"owp-tabs-layout-horizontal","17":"has-no-thumbnails"},"_links":{"self":[{"href":"https:\/\/impafesa.com\/index.php\/wp-json\/wp\/v2\/product\/3143","targetHints":{"allow":["GET"]}}],"collection":[{"href":"https:\/\/impafesa.com\/index.php\/wp-json\/wp\/v2\/product"}],"about":[{"href":"https:\/\/impafesa.com\/index.php\/wp-json\/wp\/v2\/types\/product"}],"replies":[{"embeddable":true,"href":"https:\/\/impafesa.com\/index.php\/wp-json\/wp\/v2\/comments?post=3143"}],"wp:featuredmedia":[{"embeddable":true,"href":"https:\/\/impafesa.com\/index.php\/wp-json\/wp\/v2\/media\/387"}],"wp:attachment":[{"href":"https:\/\/impafesa.com\/index.php\/wp-json\/wp\/v2\/media?parent=3143"}],"wp:term":[{"taxonomy":"product_cat","embeddable":true,"href":"https:\/\/impafesa.com\/index.php\/wp-json\/wp\/v2\/product_cat?post=3143"},{"taxonomy":"product_tag","embeddable":true,"href":"https:\/\/impafesa.com\/index.php\/wp-json\/wp\/v2\/product_tag?post=3143"}],"curies":[{"name":"wp","href":"https:\/\/api.w.org\/{rel}","templated":true}]}}