{"id":3147,"date":"2022-11-30T22:19:01","date_gmt":"2022-11-30T22:19:01","guid":{"rendered":"https:\/\/impafesa.com\/?post_type=product&#038;p=3147"},"modified":"2022-11-30T22:19:04","modified_gmt":"2022-11-30T22:19:04","slug":"klingspor-disco-special-plano","status":"publish","type":"product","link":"https:\/\/impafesa.com\/index.php\/product\/klingspor-disco-special-plano\/","title":{"rendered":"KLINGSPOR DISCO SPECIAL PLANO"},"content":{"rendered":"<h2>Discos de corte Kronenflex A36 TZ Special<\/h2>\n<p>Los <strong>discos de corte Kronenflex<\/strong> de la clase de rendimiento Special se distinguen por su elevado rendimiento de corte junto con una larga vida \u00fatil. Est\u00e1n optimizados para el mecanizado de<\/p>\n<ul>\n<li><strong>acero inoxidable<\/strong> y<\/li>\n<li>acero. Estos discos de corte son apropiados para el uso en una <strong>amoladora angular<\/strong> port\u00e1til. Ya alcanzan su <strong>alta agresividad<\/strong> durante el arranque de material con una presi\u00f3n de aplicaci\u00f3n relativamente reducida.<\/li>\n<\/ul>\n<h3>Las ventajas de los discos de corte Kronenflex<\/h3>\n<p>La adaptaci\u00f3n \u00f3ptima entre el tipo de grano utilizado y el aglutinante asegura la <strong>alta agresividad<\/strong> y la larga vida \u00fatil de estos discos de corte. Dado que el grano abrasivo est\u00e1 fabricado por procedimientos sint\u00e9ticos, posee una alta calidad constante. Los <strong>discos de corte Kronenflex<\/strong> se dividen en tres clases: Extra, Supra y Special. La categor\u00eda Special cumple las m\u00e1ximas exigencias en el mecanizado de materiales, no solo en <strong>acero inoxidable<\/strong>. Todos los discos de corte cumplen las normas de seguridad europeas y son comprobados seg\u00fan las directivas oSa.<\/p>\n<h3>Encontrar el disco de corte apropiado<\/h3>\n<p>Solo se consigue un resultado \u00f3ptimo utilizando los discos de corte apropiados para el material en cuesti\u00f3n y la <strong>amoladora angular<\/strong> empleada. Para facilitar la primera orientaci\u00f3n, los <strong>discos de corte Kronenflex<\/strong> poseen una identificaci\u00f3n de color. Los discos con la nube de color azul en la etiqueta est\u00e1n pensados para el mecanizado de <strong>acero inoxidable<\/strong>. Otro criterio importante es la dureza correcta del disco. En este contexto se aplica que, cuanto m\u00e1s duro sea el material a mecanizar, m\u00e1s blando deber\u00eda ser el aglutinante que sujeta el grano en el disco abrasivo. Si el aglutinante es demasiado duro, se genera un calor excesivo al trabajar. En consecuencia, el material a cortar se vuelve blando y emborrona, se deposita en el grano abrasivo y produce una vitrificaci\u00f3n del disco. Este se tiene que cambiar mucho antes. Otro factor importante para conseguir un buen resultado y una larga vida \u00fatil del disco es la velocidad de corte adecuada. La velocidad \u00f3ptima se sit\u00faa ligeramente por debajo de la velocidad m\u00e1xima admisible del disco en cuesti\u00f3n.<\/p>\n<h3>El uso correcto de los discos de corte<\/h3>\n<p>Conviene saberlo: tambi\u00e9n los discos de corte tienen una fecha de caducidad. En los <strong>discos de corte Kronenflex<\/strong> de Klingspor, esta siempre est\u00e1 impresa en el anillo met\u00e1lico. Despu\u00e9s de esta fecha ya no se permite utilizar los discos. Antes de insertar el disco en la <strong>amoladora angular<\/strong>, se deber\u00eda examinar para detectar eventuales defectos. Por motivos de seguridad, ya no se deber\u00edan utilizar discos de corte da\u00f1ados y no se permite superar la velocidad m\u00e1xima admisible.<\/p>\n","protected":false},"excerpt":{"rendered":"<p>136549 &#8211; CORTE METAL 4.1\/2\u201dX2MMX7\/8\u201d A36TZ (C25) <\/p>\n<p> 136552 &#8211; CORTE INOX 9\u201dX2MM=5\/16X7\/8\u201d A36TZ <\/p>\n<h4>Campos de aplicaci\u00f3n<\/h4>\n<ul>\n<li>Acero<\/li>\n<li>Acero inoxidable<\/li>\n<li>Acero de construcci\u00f3n<\/li>\n<li>Metales no f\u00e9rricos<\/li>\n<li>Materiales de fundici\u00f3n<\/li>\n<li>Piedra<\/li>\n<li>Pl\u00e1sticos<\/li>\n<li>Materiales minerales<\/li>\n<li>Materiales macizos<\/li>\n<li>Tubos<\/li>\n<li>Planchas<\/li>\n<li>Chapas<\/li>\n<\/ul>\n","protected":false},"featured_media":403,"comment_status":"open","ping_status":"closed","template":"","meta":[],"product_cat":[77],"product_tag":[87,86,851,88],"class_list":{"0":"post-3147","1":"product","2":"type-product","3":"status-publish","4":"has-post-thumbnail","5":"hentry","6":"product_cat-klingpor","7":"product_tag-acero-inox","8":"product_tag-discos-de-corte","9":"product_tag-klingspor","10":"product_tag-metal","12":"entry","13":"has-media","14":"owp-thumbs-layout-horizontal","15":"owp-btn-normal","16":"owp-tabs-layout-horizontal","17":"has-no-thumbnails"},"_links":{"self":[{"href":"https:\/\/impafesa.com\/index.php\/wp-json\/wp\/v2\/product\/3147","targetHints":{"allow":["GET"]}}],"collection":[{"href":"https:\/\/impafesa.com\/index.php\/wp-json\/wp\/v2\/product"}],"about":[{"href":"https:\/\/impafesa.com\/index.php\/wp-json\/wp\/v2\/types\/product"}],"replies":[{"embeddable":true,"href":"https:\/\/impafesa.com\/index.php\/wp-json\/wp\/v2\/comments?post=3147"}],"wp:featuredmedia":[{"embeddable":true,"href":"https:\/\/impafesa.com\/index.php\/wp-json\/wp\/v2\/media\/403"}],"wp:attachment":[{"href":"https:\/\/impafesa.com\/index.php\/wp-json\/wp\/v2\/media?parent=3147"}],"wp:term":[{"taxonomy":"product_cat","embeddable":true,"href":"https:\/\/impafesa.com\/index.php\/wp-json\/wp\/v2\/product_cat?post=3147"},{"taxonomy":"product_tag","embeddable":true,"href":"https:\/\/impafesa.com\/index.php\/wp-json\/wp\/v2\/product_tag?post=3147"}],"curies":[{"name":"wp","href":"https:\/\/api.w.org\/{rel}","templated":true}]}}