{"id":3155,"date":"2022-11-30T22:19:02","date_gmt":"2022-11-30T22:19:02","guid":{"rendered":"https:\/\/impafesa.com\/?post_type=product&#038;p=3155"},"modified":"2022-11-30T22:19:03","modified_gmt":"2022-11-30T22:19:03","slug":"klingspor-disco-corte-metal-special-conic","status":"publish","type":"product","link":"https:\/\/impafesa.com\/index.php\/product\/klingspor-disco-corte-metal-special-conic\/","title":{"rendered":"KLINGSPOR DISCO CORTE METAL SPECIAL CONIC"},"content":{"rendered":"<h2>Disco de corte fino A 980 TZ Special para acero inoxidable<\/h2>\n<p>El <strong>disco de corte fino<\/strong> A 980 TZ Special est\u00e1 dise\u00f1ado para el uso en<\/p>\n<ul>\n<li><strong>acero inoxidable<\/strong>,<\/li>\n<li>acero y<\/li>\n<li>metal.<\/li>\n<\/ul>\n<p>El disco es <strong>libre de hierro, sulfuro y cloro<\/strong> y convence por sus tiempos de corte extremadamente reducidos. Permite conseguir unos cortes limpios con una extraordinaria precisi\u00f3n. Adem\u00e1s, tanto la carga t\u00e9rmica como la formaci\u00f3n de rebabas son escasas. Esto significa en la pr\u00e1ctica que la necesidad de trabajos de repaso se reduce considerablemente, lo cual supone tambi\u00e9n una reducci\u00f3n efectiva del tiempo de trabajo. Los discos est\u00e1n empaquetados en la <strong>box Kronenflex herm\u00e9tica<\/strong> con 25 unidades que evita de forma duradera la penetraci\u00f3n de humedad. Por este motivo, tanto los profesionales como los aficionados al bricolaje pueden esperar un rendimiento constante durante mucho tiempo.<\/p>\n<h3>Un producto especial para tareas exigentes<\/h3>\n<p>Klingspor ofrece el disco de corte Kronenflex A 980 TZ en la clase de rendimiento Special. Se trata de un producto de alto rendimiento que garantiza, en el \u00e1mbito de aplicaci\u00f3n correspondiente, un rendimiento de corte \u00f3ptimo y una excelente durabilidad. El disco de corte debe su alta agresividad al uso de materias primas de gran calidad. Las resinas y los materiales de relleno empleados est\u00e1n adaptados con precisi\u00f3n y garantizan unas caracter\u00edsticas supremas con vistas a la estabilidad, el rendimiento de mecanizado y la resistencia al estallido. De esta manera, Klingspor ofrece productos de corte para todos los \u00e1mbitos. El grano abrasivo sint\u00e9tico, por su parte, es duro y tenaz, apenas se desgasta y muestra un comportamiento de lijado constante.<\/p>\n<h3>Los discos de corte robustos soportan cualquier esfuerzo<\/h3>\n<p>En el dise\u00f1o del disco de corte A 980 TZ Special, Klingspor ha prestado atenci\u00f3n a conseguir la m\u00e1xima estabilidad. Para este fin se utiliza tejido de fibra de vidrio como capa de refuerzo. Esto no solo aumenta considerablemente la estabilidad, sino tambi\u00e9n la seguridad en el uso. La capa de tejido de fibra de vidrio est\u00e1 adaptada, en principio, al grosor del disco en cuesti\u00f3n. Precisamente en caso de fuertes cargas laterales durante el corte estacionario o manual resulta decisivo estabilizar al m\u00e1ximo el disco. A la vez, el tejido de alta calidad se elige lo suficientemente fino para mantener una proporci\u00f3n elevada de grano abrasivo.<\/p>\n","protected":false},"excerpt":{"rendered":"<p>322182 &#8211; 4.1\/2\u201dX0,8X7\/8\u201d A980TZ (C25) <\/p>\n<h4>Campos de aplicaci\u00f3n<\/h4>\n<ul>\n<li>Acero<\/li>\n<li>Acero inoxidable<\/li>\n<li>Acero de construcci\u00f3n<\/li>\n<li>Metales no f\u00e9rricos<\/li>\n<li>Materiales de fundici\u00f3n<\/li>\n<li>Piedra<\/li>\n<li>Pl\u00e1sticos<\/li>\n<li>Materiales minerales<\/li>\n<li>Materiales macizos<\/li>\n<li>Tubos<\/li>\n<li>Planchas<\/li>\n<li>Chapas<\/li>\n<\/ul>\n","protected":false},"featured_media":419,"comment_status":"open","ping_status":"closed","template":"","meta":[],"product_cat":[77],"product_tag":[87,86,851,89],"class_list":{"0":"post-3155","1":"product","2":"type-product","3":"status-publish","4":"has-post-thumbnail","5":"hentry","6":"product_cat-klingpor","7":"product_tag-acero-inox","8":"product_tag-discos-de-corte","9":"product_tag-klingspor","10":"product_tag-metales-no-ferricos","12":"entry","13":"has-media","14":"owp-thumbs-layout-horizontal","15":"owp-btn-normal","16":"owp-tabs-layout-horizontal","17":"has-no-thumbnails"},"_links":{"self":[{"href":"https:\/\/impafesa.com\/index.php\/wp-json\/wp\/v2\/product\/3155","targetHints":{"allow":["GET"]}}],"collection":[{"href":"https:\/\/impafesa.com\/index.php\/wp-json\/wp\/v2\/product"}],"about":[{"href":"https:\/\/impafesa.com\/index.php\/wp-json\/wp\/v2\/types\/product"}],"replies":[{"embeddable":true,"href":"https:\/\/impafesa.com\/index.php\/wp-json\/wp\/v2\/comments?post=3155"}],"wp:featuredmedia":[{"embeddable":true,"href":"https:\/\/impafesa.com\/index.php\/wp-json\/wp\/v2\/media\/419"}],"wp:attachment":[{"href":"https:\/\/impafesa.com\/index.php\/wp-json\/wp\/v2\/media?parent=3155"}],"wp:term":[{"taxonomy":"product_cat","embeddable":true,"href":"https:\/\/impafesa.com\/index.php\/wp-json\/wp\/v2\/product_cat?post=3155"},{"taxonomy":"product_tag","embeddable":true,"href":"https:\/\/impafesa.com\/index.php\/wp-json\/wp\/v2\/product_tag?post=3155"}],"curies":[{"name":"wp","href":"https:\/\/api.w.org\/{rel}","templated":true}]}}