{"id":3156,"date":"2022-11-30T22:19:02","date_gmt":"2022-11-30T22:19:02","guid":{"rendered":"https:\/\/impafesa.com\/?post_type=product&#038;p=3156"},"modified":"2022-11-30T22:19:03","modified_gmt":"2022-11-30T22:19:03","slug":"klingspor-disco-corte-metal-special-plan","status":"publish","type":"product","link":"https:\/\/impafesa.com\/index.php\/product\/klingspor-disco-corte-metal-special-plan\/","title":{"rendered":"KLINGSPOR DISCO CORTE METAL SPECIAL PLAN"},"content":{"rendered":"<h2>Disco de corte Kronenflex A 60 TZ Special<\/h2>\n<p>Con su grosor de 1 mm, el disco de corte Kronenflex A 60 TZ Special es marcadamente fino, pero ofrece a la vez una gran agresividad y una larga vida \u00fatil. Este disco altamente efectivo es extraordinariamente apropiado para el corte de chapas, tubos delgados o perfiles de<\/p>\n<ul>\n<li><strong>acero inoxidable<\/strong>,<\/li>\n<li>acero y<\/li>\n<li>metales no f\u00e9rricos.<\/li>\n<\/ul>\n<p>El disco de corte Kronenflex A 60 TZ Special de Klingspor se utiliza principalmente para trabajos de mantenimiento en cerrajer\u00edas y en la construcci\u00f3n met\u00e1lica y de instalaciones.<\/p>\n<h3>Las caracter\u00edsticas del disco de corte Kronenflex A 60 TZ Special<\/h3>\n<p>Los discos de corte Kronenflex A 60 TZ Special son <strong>libres de hierro, sulfuro y cloro<\/strong>. Permiten mecanizar <strong>acero inoxidable<\/strong> muy r\u00e1pidamente y con una presi\u00f3n de aplicaci\u00f3n reducida. Con los resultantes tiempos de corte reducidos disminuyen la formaci\u00f3n de rebabas y la carga t\u00e9rmica, tanto para la pieza como para el disco de corte. Klingspor emplea el grano abrasivo de \u00f3xido de aluminio fabricado mediante procedimientos sint\u00e9ticos para conseguir una calidad constante. En la clase de rendimiento Special, Klingspor ofrece productos de alto rendimiento destinados a aplicaciones especiales. Estos discos consiguen una vida \u00fatil y un rendimiento de corte extraordinariamente elevados en su respectivo campo de aplicaci\u00f3n. Klingspor comprueba los discos de corte seg\u00fan las directivas oSa y garantiza el cumplimiento de la norma de seguridad EN 12413.<\/p>\n<h3>Evitar peligros en el trabajo con los discos de corte Kronenflex<\/h3>\n<p>El mecanizado de <strong>acero inoxidable<\/strong> con discos de corte o de desbaste no necesita ser peligroso. Se pueden causar lesiones por contacto con el disco en rotaci\u00f3n, la rotura del disco abrasivo, el polvo de lijado o las virutas. Es f\u00e1cil evitar estos peligros. Para prevenir la rotura del disco abrasivo recomendamos controlar el disco antes de cada uso, con el fin de detectar un eventual desgaste o defecto. Asimismo, se deber\u00eda controlar la fecha de caducidad del disco. No se permite superar la velocidad de trabajo m\u00e1xima indicada en cada etiqueta. Con el equipamiento correspondiente, el usuario se puede proteger f\u00e1cilmente del polvo de lijado y las virutas. El equipo de protecci\u00f3n completo est\u00e1 formado de una protecci\u00f3n auditiva, gafas protectoras, una protecci\u00f3n respiratoria y guantes.<\/p>\n","protected":false},"excerpt":{"rendered":"<p>202400 &#8211; 4.1\/2\u201dX1MMX7\/8\u201d A60TZ (C25) <\/p>\n<h4>Campos de aplicaci\u00f3n<\/h4>\n<ul>\n<li>Acero<\/li>\n<li>Acero inoxidable<\/li>\n<li>Acero de construcci\u00f3n<\/li>\n<li>Metales no f\u00e9rricos<\/li>\n<li>Materiales de fundici\u00f3n<\/li>\n<li>Piedra<\/li>\n<li>Pl\u00e1sticos<\/li>\n<li>Materiales minerales<\/li>\n<li>Materiales macizos<\/li>\n<li>Tubos<\/li>\n<li>Planchas<\/li>\n<li>Chapas<\/li>\n<\/ul>\n","protected":false},"featured_media":421,"comment_status":"open","ping_status":"closed","template":"","meta":[],"product_cat":[77],"product_tag":[90,87,86,851],"class_list":{"0":"post-3156","1":"product","2":"type-product","3":"status-publish","4":"has-post-thumbnail","5":"hentry","6":"product_cat-klingpor","7":"product_tag-acero","8":"product_tag-acero-inox","9":"product_tag-discos-de-corte","10":"product_tag-klingspor","12":"entry","13":"has-media","14":"owp-thumbs-layout-horizontal","15":"owp-btn-normal","16":"owp-tabs-layout-horizontal","17":"has-no-thumbnails"},"_links":{"self":[{"href":"https:\/\/impafesa.com\/index.php\/wp-json\/wp\/v2\/product\/3156","targetHints":{"allow":["GET"]}}],"collection":[{"href":"https:\/\/impafesa.com\/index.php\/wp-json\/wp\/v2\/product"}],"about":[{"href":"https:\/\/impafesa.com\/index.php\/wp-json\/wp\/v2\/types\/product"}],"replies":[{"embeddable":true,"href":"https:\/\/impafesa.com\/index.php\/wp-json\/wp\/v2\/comments?post=3156"}],"wp:featuredmedia":[{"embeddable":true,"href":"https:\/\/impafesa.com\/index.php\/wp-json\/wp\/v2\/media\/421"}],"wp:attachment":[{"href":"https:\/\/impafesa.com\/index.php\/wp-json\/wp\/v2\/media?parent=3156"}],"wp:term":[{"taxonomy":"product_cat","embeddable":true,"href":"https:\/\/impafesa.com\/index.php\/wp-json\/wp\/v2\/product_cat?post=3156"},{"taxonomy":"product_tag","embeddable":true,"href":"https:\/\/impafesa.com\/index.php\/wp-json\/wp\/v2\/product_tag?post=3156"}],"curies":[{"name":"wp","href":"https:\/\/api.w.org\/{rel}","templated":true}]}}