{"id":3157,"date":"2022-11-30T22:19:02","date_gmt":"2022-11-30T22:19:02","guid":{"rendered":"https:\/\/impafesa.com\/?post_type=product&#038;p=3157"},"modified":"2022-11-30T22:19:03","modified_gmt":"2022-11-30T22:19:03","slug":"klingspor-disco-cort-met-plan-c-25","status":"publish","type":"product","link":"https:\/\/impafesa.com\/index.php\/product\/klingspor-disco-cort-met-plan-c-25\/","title":{"rendered":"KLINGSPOR DISCO CORT\/MET. PLAN (C 25)"},"content":{"rendered":"<h2>El disco de corte fino Z 960 TX Special<\/h2>\n<p>El modelo Kronenflex Z 960 TX Special de Klingspor es un <strong>disco de corte fino<\/strong> para diferentes \u00e1mbitos de aplicaci\u00f3n. Estos abarcan, entre otros,<\/p>\n<ul>\n<li><strong>acero inoxidable<\/strong>,<\/li>\n<li>aleaciones,<\/li>\n<li>acero al carbono y<\/li>\n<li>titanio.<\/li>\n<\/ul>\n<p>Con sus excelentes valores de agresividad, su <strong>larga vida \u00fatil<\/strong> y su alta dureza, el <strong>disco de corte fino<\/strong> Z 960 TX Special es ideal para materiales tenaces y duros, tales como titanio y aceros de alta aleaci\u00f3n.<\/p>\n<h3>La al\u00famina de zirc\u00f3n proporciona resultados \u00f3ptimos<\/h3>\n<p>La <strong>al\u00famina de zirc\u00f3n<\/strong> fabricada con procedimientos sint\u00e9ticos tambi\u00e9n es apropiada para materiales mecanizados o aleaciones, tales como <strong>acero inoxidable<\/strong>. Los valores constantes a nivel de la agresividad y la tasa de remoci\u00f3n est\u00e1n basados en una carga t\u00e9rmica reducida gracias al corte estrecho, de modo que se forman pocas rebabas.<\/p>\n<h3>Numerosos \u00e1mbitos de aplicaci\u00f3n para todas las necesidades<\/h3>\n<p>El <strong>disco de corte fino<\/strong> Z 960 TX Special pertenece a la clase de rendimiento Kronenflex Special, que ofrece productos de alto rendimiento para aplicaciones especiales y es <strong>libre de hierro, sulfuro y cloro<\/strong>. La vida \u00fatil y el comportamiento de corte \u00f3ptimos en cualquier campo de aplicaci\u00f3n convierten el disco en un absoluto superventas, tanto entre los aficionados como los profesionales.<\/p>\n<h3>El modelo Z 960 TX Special se ofrece en dos tama\u00f1os<\/h3>\n<p>El modelo Z 960 TX Special de Kronenflex est\u00e1 disponible en dos tama\u00f1os. Se puede pedir con un di\u00e1metro de 115 mm y 125 mm. El grosor de un mil\u00edmetro se mantiene igual en ambos discos. Con un rendimiento de corte de 80 m\/s y una velocidad de giro total admisible de 12.200 rpm con un di\u00e1metro de 125 mm, el disco de la clase de rendimiento Special se encuentra en la categor\u00eda de alto rendimiento. Se vende en paquetes de 25 unidades, y el disco de corte se entrega en la ventajosa <strong>box Kronenflex<\/strong>, en la cual queda protegida de forma duradera de la suciedad y la humedad. Esto permite esperar un rendimiento elevado permanente. Gracias a su excelente comportamiento de almacenamiento, el disco no solo es atractivo para profesionales, sino tambi\u00e9n para los aficionados al bricolaje con un taller propio.<\/p>\n","protected":false},"excerpt":{"rendered":"<p>322184 &#8211; 4.1\/2\u201dX1X7\/8\u201d Z960 TX <\/p>\n<h4>Campos de aplicaci\u00f3n<\/h4>\n<ul>\n<li>Acero<\/li>\n<li>Acero inoxidable<\/li>\n<li>Acero de construcci\u00f3n<\/li>\n<li>Metales no f\u00e9rricos<\/li>\n<li>Materiales de fundici\u00f3n<\/li>\n<li>Piedra<\/li>\n<li>Pl\u00e1sticos<\/li>\n<li>Materiales minerales<\/li>\n<li>Materiales macizos<\/li>\n<li>Tubos<\/li>\n<li>Planchas<\/li>\n<li>Chapas<\/li>\n<\/ul>\n","protected":false},"featured_media":423,"comment_status":"open","ping_status":"closed","template":"","meta":[],"product_cat":[77],"product_tag":[92,87,91,86,851,93],"class_list":{"0":"post-3157","1":"product","2":"type-product","3":"status-publish","4":"has-post-thumbnail","5":"hentry","6":"product_cat-klingpor","7":"product_tag-acero-al-carbono","8":"product_tag-acero-inox","9":"product_tag-aleaciones","10":"product_tag-discos-de-corte","11":"product_tag-klingspor","12":"product_tag-titanio","14":"entry","15":"has-media","16":"owp-thumbs-layout-horizontal","17":"owp-btn-normal","18":"owp-tabs-layout-horizontal","19":"has-no-thumbnails"},"_links":{"self":[{"href":"https:\/\/impafesa.com\/index.php\/wp-json\/wp\/v2\/product\/3157","targetHints":{"allow":["GET"]}}],"collection":[{"href":"https:\/\/impafesa.com\/index.php\/wp-json\/wp\/v2\/product"}],"about":[{"href":"https:\/\/impafesa.com\/index.php\/wp-json\/wp\/v2\/types\/product"}],"replies":[{"embeddable":true,"href":"https:\/\/impafesa.com\/index.php\/wp-json\/wp\/v2\/comments?post=3157"}],"wp:featuredmedia":[{"embeddable":true,"href":"https:\/\/impafesa.com\/index.php\/wp-json\/wp\/v2\/media\/423"}],"wp:attachment":[{"href":"https:\/\/impafesa.com\/index.php\/wp-json\/wp\/v2\/media?parent=3157"}],"wp:term":[{"taxonomy":"product_cat","embeddable":true,"href":"https:\/\/impafesa.com\/index.php\/wp-json\/wp\/v2\/product_cat?post=3157"},{"taxonomy":"product_tag","embeddable":true,"href":"https:\/\/impafesa.com\/index.php\/wp-json\/wp\/v2\/product_tag?post=3157"}],"curies":[{"name":"wp","href":"https:\/\/api.w.org\/{rel}","templated":true}]}}