{"id":3158,"date":"2022-11-30T22:19:02","date_gmt":"2022-11-30T22:19:02","guid":{"rendered":"https:\/\/impafesa.com\/?post_type=product&#038;p=3158"},"modified":"2022-11-30T22:19:04","modified_gmt":"2022-11-30T22:19:04","slug":"klingspor-disco-corte-metal-special-plan-c-10","status":"publish","type":"product","link":"https:\/\/impafesa.com\/index.php\/product\/klingspor-disco-corte-metal-special-plan-c-10\/","title":{"rendered":"KLINGSPOR DISCO CORTE METAL SPECIAL PLAN (C 10)"},"content":{"rendered":"<h2>Disco de corte grande Kronenflex A 330 Extra para metal<\/h2>\n<p>Con el <strong>disco de corte grande Kronenflex<\/strong> A 330 Extra, Klingspor ofrece un producto abrasivo potente para el mecanizado de <strong>metal<\/strong>. En concreto, este disco de corte se utiliza para cortar<\/p>\n<ul>\n<li>acero,<\/li>\n<li>acero inoxidable,<\/li>\n<li>aluminio y<\/li>\n<li>fundici\u00f3n.<\/li>\n<\/ul>\n<p>El disco de corte de la clase de rendimiento Extra convence por su alta agresividad y ofrece una larga vida \u00fatil. Esto lo aprecia el usuario profesional, y tambi\u00e9n los aficionados pueden ejecutar sus proyectos de manera \u00f3ptima con esta herramienta. En este producto, Klingspor presta atenci\u00f3n a una relaci\u00f3n equilibrada entre un precio atractivo y un rendimiento potente.<\/p>\n<h3>Disco de corte grande Kronenflex con m\u00faltiples aplicaciones<\/h3>\n<p>El disco de corte A 330 Extra se recomienda para todos los perfiles usuales, por lo cual encuentra m\u00faltiples posibilidades de aplicaci\u00f3n en la pr\u00e1ctica. Su utilizaci\u00f3n es posible en todas las tronzadoras (<strong>sierra circular<\/strong>) usuales. En la <strong>m\u00e1quina amoladora de banco<\/strong>, el disco de corte alcanza su mejor rendimiento en la artesan\u00eda y la industria y convence a los profesionales m\u00e1s exigentes. De esta manera se pueden alcanzar de manera fiable resultados con el m\u00e1ximo nivel de calidad. En la etiqueta, el usuario encuentra indicaciones importantes para el uso \u00f3ptimo del disco en la m\u00e1quina. Una de ellas es la velocidad de trabajo m\u00e1xima con la cual se permite utilizar el disco.<\/p>\n<h3>Materias primas de alta calidad, rendimiento \u00f3ptimo en el uso pr\u00e1ctico<\/h3>\n<p>Klingspor utiliza para cada <strong>disco de corte grande Kronenflex<\/strong> \u00fanicamente las mejores materias primas. Lo mismo rige para el modelo A 330 Extra. El aglutinante y el tipo de grano est\u00e1n perfectamente adaptados entre ellos y se van desgastando uniformemente en la aplicaci\u00f3n pr\u00e1ctica. El grano abrasivo de fabricaci\u00f3n sint\u00e9tica es particularmente afilado y duradero y juega un papel decisivo a la hora de alcanzar las extraordinarias prestaciones de estos productos de alta gama. Como inserto de refuerzo se utiliza un tejido de fibra de vidrio que permite al disco soportar mayores cargas laterales. Los discos de corte Klingspor tambi\u00e9n convencen desde el punto de vista de la seguridad: est\u00e1n comprobados seg\u00fan las directivas oSa y cumplen la norma europea de seguridad DN 12413.<\/p>\n","protected":false},"excerpt":{"rendered":"<p>119628 &#8211; 14\u201dX 3MM= 1\/8\u201dX1\u201dA30N <\/p>\n<p> 353326 &#8211; 14&#8243;X2.5MM= 3\/32X1&#8243;A330 <\/p>\n<h4>Campos de aplicaci\u00f3n<\/h4>\n<ul>\n<li>Acero<\/li>\n<li>Acero inoxidable<\/li>\n<li>Acero de construcci\u00f3n<\/li>\n<li>Metales no f\u00e9rricos<\/li>\n<li>Materiales de fundici\u00f3n<\/li>\n<li>Piedra<\/li>\n<li>Pl\u00e1sticos<\/li>\n<li>Materiales minerales<\/li>\n<li>Materiales macizos<\/li>\n<li>Tubos<\/li>\n<li>Planchas<\/li>\n<li>Chapas<\/li>\n<\/ul>\n","protected":false},"featured_media":425,"comment_status":"open","ping_status":"closed","template":"","meta":[],"product_cat":[77],"product_tag":[90,94,86,851],"class_list":{"0":"post-3158","1":"product","2":"type-product","3":"status-publish","4":"has-post-thumbnail","5":"hentry","6":"product_cat-klingpor","7":"product_tag-acero","8":"product_tag-cortes-grandes","9":"product_tag-discos-de-corte","10":"product_tag-klingspor","12":"entry","13":"has-media","14":"owp-thumbs-layout-horizontal","15":"owp-btn-normal","16":"owp-tabs-layout-horizontal","17":"has-no-thumbnails"},"_links":{"self":[{"href":"https:\/\/impafesa.com\/index.php\/wp-json\/wp\/v2\/product\/3158","targetHints":{"allow":["GET"]}}],"collection":[{"href":"https:\/\/impafesa.com\/index.php\/wp-json\/wp\/v2\/product"}],"about":[{"href":"https:\/\/impafesa.com\/index.php\/wp-json\/wp\/v2\/types\/product"}],"replies":[{"embeddable":true,"href":"https:\/\/impafesa.com\/index.php\/wp-json\/wp\/v2\/comments?post=3158"}],"wp:featuredmedia":[{"embeddable":true,"href":"https:\/\/impafesa.com\/index.php\/wp-json\/wp\/v2\/media\/425"}],"wp:attachment":[{"href":"https:\/\/impafesa.com\/index.php\/wp-json\/wp\/v2\/media?parent=3158"}],"wp:term":[{"taxonomy":"product_cat","embeddable":true,"href":"https:\/\/impafesa.com\/index.php\/wp-json\/wp\/v2\/product_cat?post=3158"},{"taxonomy":"product_tag","embeddable":true,"href":"https:\/\/impafesa.com\/index.php\/wp-json\/wp\/v2\/product_tag?post=3158"}],"curies":[{"name":"wp","href":"https:\/\/api.w.org\/{rel}","templated":true}]}}