{"id":3161,"date":"2022-11-30T22:19:02","date_gmt":"2022-11-30T22:19:02","guid":{"rendered":"https:\/\/impafesa.com\/?post_type=product&#038;p=3161"},"modified":"2022-11-30T22:19:03","modified_gmt":"2022-11-30T22:19:03","slug":"disco-corte-y-desbaste-duplex","status":"publish","type":"product","link":"https:\/\/impafesa.com\/index.php\/product\/disco-corte-y-desbaste-duplex\/","title":{"rendered":"DISCO CORTE Y DESBASTE DUPLEX"},"content":{"rendered":"<h2>Disco de desbaste Kronenflex A 46 VZ Special para aplicaciones exigentes<\/h2>\n<p>El disco de corte y de desbaste Kronenflex A 46 VZ Special representa el complemento perfecto para el trabajo con la amoladora angular. La caracter\u00edstica especial de este disco de corte y de desbaste Kronenflex es su <strong>gran dureza y alta agresividad<\/strong>. Por este motivo es ideal para el mecanizado de<\/p>\n<ul>\n<li><strong>acero inoxidable<\/strong>,<\/li>\n<li>acero y<\/li>\n<li>metales no f\u00e9rricos.<\/li>\n<\/ul>\n<p>Gracias a su composici\u00f3n especial, el disco abrasivo A 46 VZ Special ofrece caracter\u00edsticas \u00f3ptimas para el corte y para aplicaciones de desbaste ligeras. De esta manera, el uso de este disco de desbaste Kronenflex evita un cambio de herramienta, ahorrando as\u00ed valioso tiempo de mecanizado.<\/p>\n<h3>Larga vida \u00fatil para unos resultados de trabajo eficientes<\/h3>\n<p>Adem\u00e1s de las posibilidades de combinaci\u00f3n del disco de corte y de desbaste A 46 VZ Special, su <strong>larga duraci\u00f3n<\/strong> contribuye a la eficiencia en el trabajo. Cuanto m\u00e1s larga sea la vida \u00fatil de un producto abrasivo, m\u00e1s larga es tambi\u00e9n su duraci\u00f3n de uso. En consecuencia, la vida \u00fatil es otro criterio importante para reducir la frecuencia del cambio de herramienta. Al mismo tiempo, esta caracter\u00edstica asegura unas prestaciones y unos resultados constantes durante todo el tiempo de uso. La vida \u00fatil de los discos de corte y de desbaste Kronenflex queda determinada por una combinaci\u00f3n precisa entre la calidad y la densidad del grano abrasivo y la composici\u00f3n y la estructura del aglutinante. Los discos de corte y de desbaste Kronenflex de Klingspor poseen una f\u00f3rmula especial para corresponder a esta exigencia.<\/p>\n<h3>Gran dureza y alta agresividad para un rendimiento de lijado \u00f3ptimo<\/h3>\n<p>Una <strong>gran dureza y alta agresividad<\/strong> de herramientas de lijado y de corte garantiza su poder de corte especial. En el lijado, la agresividad del material se mide a trav\u00e9s del arranque de material por unidad de tiempo. Las caracter\u00edsticas y la calidad del grano abrasivo y su incorporaci\u00f3n en el material de soporte son requisitos importantes, tambi\u00e9n para la agresividad del comportamiento de lijado. A trav\u00e9s del arranque de viruta r\u00e1pido, las herramientas abrasivas agresivas contribuyen a reducir los tiempos de mecanizado. La dureza es un indicador para la tasa de remoci\u00f3n en piezas de materiales blandos. Cuanto m\u00e1s dura sea la herramienta abrasiva, m\u00e1s apropiada es para el corte y el lijado de materiales blandos o tenaces, tales como <strong>acero inoxidable<\/strong>. Por lo tanto, los discos de desbaste y de corte Kronenflex de Klingspor ofrecen unas condiciones ideales para conseguir buenos resultados de trabajo y tiempos de mecanizado cortos.<\/p>\n","protected":false},"excerpt":{"rendered":"<p>298176 &#8211; 4.1\/2\u201dX2MM A46VZ <\/p>\n<h4>Campos de aplicaci\u00f3n<\/h4>\n<ul>\n<li>Acero<\/li>\n<li>Aceros templados<\/li>\n<li>Acero para herramientas<\/li>\n<li>Acero inoxidable<\/li>\n<li>Aceros de alta aleaci\u00f3n<\/li>\n<li>Aceros resistentes a la corrosi\u00f3n y al \u00e1cido<\/li>\n<li>Aluminio<\/li>\n<li>Bronce<\/li>\n<li>Cobre<\/li>\n<li>Lat\u00f3n<\/li>\n<li>Fundici\u00f3n inyectada de cinc<\/li>\n<li>Hierro colado<\/li>\n<li>Piedra \/ hormig\u00f3n<\/li>\n<\/ul>\n","protected":false},"featured_media":430,"comment_status":"open","ping_status":"closed","template":"","meta":[],"product_cat":[77],"product_tag":[90,87,95,851],"class_list":{"0":"post-3161","1":"product","2":"type-product","3":"status-publish","4":"has-post-thumbnail","5":"hentry","6":"product_cat-klingpor","7":"product_tag-acero","8":"product_tag-acero-inox","9":"product_tag-discos-de-desbaste","10":"product_tag-klingspor","12":"entry","13":"has-media","14":"owp-thumbs-layout-horizontal","15":"owp-btn-normal","16":"owp-tabs-layout-horizontal","17":"has-no-thumbnails"},"_links":{"self":[{"href":"https:\/\/impafesa.com\/index.php\/wp-json\/wp\/v2\/product\/3161","targetHints":{"allow":["GET"]}}],"collection":[{"href":"https:\/\/impafesa.com\/index.php\/wp-json\/wp\/v2\/product"}],"about":[{"href":"https:\/\/impafesa.com\/index.php\/wp-json\/wp\/v2\/types\/product"}],"replies":[{"embeddable":true,"href":"https:\/\/impafesa.com\/index.php\/wp-json\/wp\/v2\/comments?post=3161"}],"wp:featuredmedia":[{"embeddable":true,"href":"https:\/\/impafesa.com\/index.php\/wp-json\/wp\/v2\/media\/430"}],"wp:attachment":[{"href":"https:\/\/impafesa.com\/index.php\/wp-json\/wp\/v2\/media?parent=3161"}],"wp:term":[{"taxonomy":"product_cat","embeddable":true,"href":"https:\/\/impafesa.com\/index.php\/wp-json\/wp\/v2\/product_cat?post=3161"},{"taxonomy":"product_tag","embeddable":true,"href":"https:\/\/impafesa.com\/index.php\/wp-json\/wp\/v2\/product_tag?post=3161"}],"curies":[{"name":"wp","href":"https:\/\/api.w.org\/{rel}","templated":true}]}}