{"id":3162,"date":"2022-11-30T22:19:02","date_gmt":"2022-11-30T22:19:02","guid":{"rendered":"https:\/\/impafesa.com\/?post_type=product&#038;p=3162"},"modified":"2022-11-30T22:19:04","modified_gmt":"2022-11-30T22:19:04","slug":"klingspor-disco-corte-inx-mt-supra-a36r-plano-c-25","status":"publish","type":"product","link":"https:\/\/impafesa.com\/index.php\/product\/klingspor-disco-corte-inx-mt-supra-a36r-plano-c-25\/","title":{"rendered":"KLINGSPOR DISCO CORTE INX\/MT SUPRA A36R PLANO (C 25)"},"content":{"rendered":"<h2>Los discos de corte Kronenflex A 36 R Supra para acero inoxidable<\/h2>\n<p>El <strong>disco de corte Kronenflex<\/strong> A 36 R Supra convence por su extraordinario poder de corte. Es \u00f3ptimo para <strong>acero inoxidable<\/strong>. El producto ofrece<\/p>\n<ul>\n<li>una agresividad optimizada y<\/li>\n<li>una larga duraci\u00f3n.<\/li>\n<\/ul>\n<p>Los usuarios profesionales aprecian estas ventajas al igual que los aficionados al bricolaje ambiciosos. En la fabricaci\u00f3n de sus discos de corte, Klingspor presta atenci\u00f3n al uso de materias primas de alta calidad y a la adaptaci\u00f3n perfecta del aglutinante al tipo de grano empleado. Esto permite alcanzar la alta tasa de remoci\u00f3n que distingue los <strong>discos de corte Kronenflex<\/strong>.<\/p>\n<h3>Almacenamiento seguro, aplicaci\u00f3n segura<\/h3>\n<p>El modelo A 36 R no solo ofrece un muy buen rendimiento. Tambi\u00e9n se puede almacenar mucho tiempo sin perder nada de su calidad. Para este fin es importantes que los <strong>discos de corte Kronenflex<\/strong> no se vean expuestos a un exceso de humedad o calor. En caso de almacenamiento correcto se puede esperar una vida \u00fatil de muchos a\u00f1os con una calidad constante. El producto no se debe exponer bajo ning\u00fan concepto directamente al agua o vapor de agua. Los <strong>discos de corte Kronenflex<\/strong>, como el modelo A 36 R Supra, son productos de alto rendimiento y se tienen que utilizar como tales en lo que respecta a la seguridad. En la <strong>amoladora angular<\/strong>, el disco de corte se deber\u00eda usar ligeramente por debajo de la velocidad de trabajo m\u00e1xima admisible.<\/p>\n<h3>Discos de corte de calidad de la empresa Klingspor<\/h3>\n<p>Klingspor ofrece sus discos de corte en las clases de calidad Extra, Supra y Special. Los <strong>discos de corte Kronenflex<\/strong> A 36 R Supra presentados aqu\u00ed est\u00e1n optimizados para m\u00faltiples campos de aplicaci\u00f3n. El uso de un grano abrasivo de fabricaci\u00f3n sint\u00e9tica garantiza la calidad alta y constante del resultado del mecanizado. El tejido de fibra de vidrio integrado como capa de refuerzo garantiza una mayor estabilidad. El uso de resinas y materiales de relleno de alta calidad permite adaptar perfectamente las caracter\u00edsticas de los <strong>discos de corte Kronenflex<\/strong> al caso de aplicaci\u00f3n concreto.<\/p>\n","protected":false},"excerpt":{"rendered":"<p>123833 &#8211; 9\u201dX2.5MM <\/p>\n<p> 123209 &#8211; 7&#8243;X2.5MM <\/p>\n<h4>Campos de aplicaci\u00f3n<\/h4>\n<ul>\n<li>Acero<\/li>\n<li>Acero inoxidable<\/li>\n<li>Acero de construcci\u00f3n<\/li>\n<li>Metales no f\u00e9rricos<\/li>\n<li>Materiales de fundici\u00f3n<\/li>\n<li>Piedra<\/li>\n<li>Pl\u00e1sticos<\/li>\n<li>Materiales minerales<\/li>\n<li>Materiales macizos<\/li>\n<li>Tubos<\/li>\n<li>Planchas<\/li>\n<li>Chapas<\/li>\n<\/ul>\n","protected":false},"featured_media":432,"comment_status":"open","ping_status":"closed","template":"","meta":[],"product_cat":[77],"product_tag":[87,86,851],"class_list":{"0":"post-3162","1":"product","2":"type-product","3":"status-publish","4":"has-post-thumbnail","5":"hentry","6":"product_cat-klingpor","7":"product_tag-acero-inox","8":"product_tag-discos-de-corte","9":"product_tag-klingspor","11":"entry","12":"has-media","13":"owp-thumbs-layout-horizontal","14":"owp-btn-normal","15":"owp-tabs-layout-horizontal","16":"has-no-thumbnails"},"_links":{"self":[{"href":"https:\/\/impafesa.com\/index.php\/wp-json\/wp\/v2\/product\/3162","targetHints":{"allow":["GET"]}}],"collection":[{"href":"https:\/\/impafesa.com\/index.php\/wp-json\/wp\/v2\/product"}],"about":[{"href":"https:\/\/impafesa.com\/index.php\/wp-json\/wp\/v2\/types\/product"}],"replies":[{"embeddable":true,"href":"https:\/\/impafesa.com\/index.php\/wp-json\/wp\/v2\/comments?post=3162"}],"wp:featuredmedia":[{"embeddable":true,"href":"https:\/\/impafesa.com\/index.php\/wp-json\/wp\/v2\/media\/432"}],"wp:attachment":[{"href":"https:\/\/impafesa.com\/index.php\/wp-json\/wp\/v2\/media?parent=3162"}],"wp:term":[{"taxonomy":"product_cat","embeddable":true,"href":"https:\/\/impafesa.com\/index.php\/wp-json\/wp\/v2\/product_cat?post=3162"},{"taxonomy":"product_tag","embeddable":true,"href":"https:\/\/impafesa.com\/index.php\/wp-json\/wp\/v2\/product_tag?post=3162"}],"curies":[{"name":"wp","href":"https:\/\/api.w.org\/{rel}","templated":true}]}}