{"id":3169,"date":"2022-11-30T22:19:02","date_gmt":"2022-11-30T22:19:02","guid":{"rendered":"https:\/\/impafesa.com\/?post_type=product&#038;p=3169"},"modified":"2022-11-30T22:19:07","modified_gmt":"2022-11-30T22:19:07","slug":"klingspor-disco-corte-metal-extra-c-25","status":"publish","type":"product","link":"https:\/\/impafesa.com\/index.php\/product\/klingspor-disco-corte-metal-extra-c-25\/","title":{"rendered":"KLINGSPOR DISCO CORTE METAL EXTRA (C 25)"},"content":{"rendered":"<h2>Discos de corte Kronenflex A 24 Extra: el producto universal para el corte manual<\/h2>\n<p>Como <strong>producto universal<\/strong>, los <strong>discos de corte Kronenflex<\/strong> A 24 Extra ofrecen las condiciones ideales para el mecanizado de <strong>metal<\/strong>. Incluso los materiales macizos se cortan de manera r\u00e1pida y fiable con estos discos. El disco est\u00e1ndar se distingue por<\/p>\n<ul>\n<li>su calidad,<\/li>\n<li>una buena relaci\u00f3n de precio y rendimiento,<\/li>\n<li>un comportamiento de lijado agresivo,<\/li>\n<li>una larga vida \u00fatil y<\/li>\n<li>una buena dureza.<\/li>\n<\/ul>\n<p>Con sus insertos extrafuertes de tejido de fibra de vidrio, el disco de corte A 24 Extra es especialmente apropiado para la aplicaci\u00f3n en m\u00e1quinas port\u00e1tiles.<\/p>\n<h3>Discos de corte Kronenflex A 24 Extra para el uso universal<\/h3>\n<p>Klingspor ofrece los <strong>discos de corte Kronenflex<\/strong> de alta calidad en diferentes niveles cualitativos. Los discos de corte de la calidad Extra son el <strong>producto universal<\/strong> para el uso vers\u00e1til en cortadoras port\u00e1tiles. Al igual que todos los materiales abrasivos de Klingspor, los discos de corte est\u00e1n dotados de un grano abrasivo de fabricaci\u00f3n sint\u00e9tica. Esto ofrece la ventaja de una alta resistencia al desgaste y una calidad constante a lo largo de todo el tiempo de uso. Para la fijaci\u00f3n del grano se utilizan resinas y otros materiales de relleno, adaptados de forma \u00f3ptima a la respectiva aplicaci\u00f3n. En el caso del disco de corte A 24 Extra, los materiales est\u00e1n compuestos de manera ideal para el mecanizado de <strong>metal<\/strong>.<\/p>\n<h3>El almacenamiento correcto de los discos de corte Kronenflex A 24 Extra<\/h3>\n<p>La seguridad es un factor importante a la hora de trabajar con amoladoras angulares y discos de corte. Solo est\u00e1 garantizada si los discos de corte son almacenados correctamente. Si los discos abrasivos son expuestos a una fuerte humedad o se mojan, su calidad y durabilidad se ven perjudicadas considerablemente. Se pueden convertir en un riesgo elevado en la aplicaci\u00f3n. Por este motivo se recomienda encarecidamente almacenarlos en un lugar seco para conservar una calidad constante. Asimismo, ya no se puede garantizar el uso seguro de los discos de corte una vez que haya pasado su fecha de caducidad. Por este motivo ya no se deber\u00edan utilizar una vez que haya transcurrido este plazo. La fecha de caducidad de los <strong>discos de corte Kronenflex<\/strong> A 24 Extra figura en el anillo met\u00e1lico en el centro del disco. La primera cifra indica el trimestre del a\u00f1o en cuesti\u00f3n, hasta el cual est\u00e1 garantizado el uso seguro. A la derecha se indica el a\u00f1o de caducidad.<\/p>\n\n<table id=\"tablepress-1\" class=\"tablepress tablepress-id-1\">\n<thead>\n<tr class=\"row-1 odd\">\n\t<th class=\"column-1\">Di\u00e1metro\u200b\/mm<\/th><th class=\"column-2\">Espesor\u200b\/mm<\/th><th class=\"column-3\">N\u00facleo\u200b\/mm<\/th><th class=\"column-4\">Vmax\u200b m\/s<\/th><th class=\"column-5\">RPM admisible\u200b<\/th><th class=\"column-6\">Forma de la estructura\u200b<\/th><th class=\"column-7\">Tipo\u200b<\/th><th class=\"column-8\">Referencia<\/th>\n<\/tr>\n<\/thead>\n<tbody class=\"row-hover\">\n<tr class=\"row-2 even\">\n\t<td class=\"column-1\">100<br \/>\n<\/td><td class=\"column-2\">2,5<\/td><td class=\"column-3\">16<\/td><td class=\"column-4\">80<\/td><td class=\"column-5\">15.300<\/td><td class=\"column-6\">abombado<\/td><td class=\"column-7\"><\/td><td class=\"column-8\">188998<\/td>\n<\/tr>\n<tr class=\"row-3 odd\">\n\t<td class=\"column-1\">115<\/td><td class=\"column-2\">3,2<br \/>\n<\/td><td class=\"column-3\">22,23<\/td><td class=\"column-4\">80<\/td><td class=\"column-5\">13.300<\/td><td class=\"column-6\">abombado<\/td><td class=\"column-7\"><\/td><td class=\"column-8\">209014<\/td>\n<\/tr>\n<tr class=\"row-4 even\">\n\t<td class=\"column-1\">115<\/td><td class=\"column-2\">2,5<\/td><td class=\"column-3\">22,23<\/td><td class=\"column-4\">80<\/td><td class=\"column-5\">13.300<\/td><td class=\"column-6\">abombado<\/td><td class=\"column-7\"><\/td><td class=\"column-8\">188461<\/td>\n<\/tr>\n<tr class=\"row-5 odd\">\n\t<td class=\"column-1\">115<\/td><td class=\"column-2\">2,5<\/td><td class=\"column-3\">22,23<\/td><td class=\"column-4\">80<\/td><td class=\"column-5\">13.300<\/td><td class=\"column-6\">recto<\/td><td class=\"column-7\"><\/td><td class=\"column-8\">242137<br \/>\n<\/td>\n<\/tr>\n<tr class=\"row-6 even\">\n\t<td class=\"column-1\">115<\/td><td class=\"column-2\">2,5<\/td><td class=\"column-3\">22,23<\/td><td class=\"column-4\">80<\/td><td class=\"column-5\">13.300<\/td><td class=\"column-6\">recto<\/td><td class=\"column-7\">X-LOCK<\/td><td class=\"column-8\">351255<\/td>\n<\/tr>\n<tr class=\"row-7 odd\">\n\t<td class=\"column-1\">125<\/td><td class=\"column-2\">3,2<\/td><td class=\"column-3\">22,23<\/td><td class=\"column-4\">80<\/td><td class=\"column-5\">12.200<br \/>\n<\/td><td class=\"column-6\">abombado<\/td><td class=\"column-7\"><\/td><td class=\"column-8\">209016<\/td>\n<\/tr>\n<tr class=\"row-8 even\">\n\t<td class=\"column-1\">125<\/td><td class=\"column-2\">2,5<\/td><td class=\"column-3\">22,23<\/td><td class=\"column-4\">80<\/td><td class=\"column-5\">12.200<br \/>\n<\/td><td class=\"column-6\">abombado<\/td><td class=\"column-7\"><\/td><td class=\"column-8\">188463<\/td>\n<\/tr>\n<tr class=\"row-9 odd\">\n\t<td class=\"column-1\">125<\/td><td class=\"column-2\">2,5<\/td><td class=\"column-3\">22,23<\/td><td class=\"column-4\">80<\/td><td class=\"column-5\">12.200<br \/>\n<\/td><td class=\"column-6\">recto<\/td><td class=\"column-7\"><\/td><td class=\"column-8\">242138<br \/>\n<\/td>\n<\/tr>\n<tr class=\"row-10 even\">\n\t<td class=\"column-1\">125<\/td><td class=\"column-2\">2,5<\/td><td class=\"column-3\">22,23<\/td><td class=\"column-4\">80<\/td><td class=\"column-5\">12.200<\/td><td class=\"column-6\">recto<\/td><td class=\"column-7\">X-LOCK<\/td><td class=\"column-8\">351254<br \/>\n<\/td>\n<\/tr>\n<tr class=\"row-11 odd\">\n\t<td class=\"column-1\">150<\/td><td class=\"column-2\">2,5<\/td><td class=\"column-3\">22,23<\/td><td class=\"column-4\">80<\/td><td class=\"column-5\">10.200<br \/>\n<\/td><td class=\"column-6\">abombado<br \/>\n<\/td><td class=\"column-7\"><\/td><td class=\"column-8\">235374<br \/>\n<\/td>\n<\/tr>\n<tr class=\"row-12 even\">\n\t<td class=\"column-1\">150<\/td><td class=\"column-2\">2,5<\/td><td class=\"column-3\">22,23<\/td><td class=\"column-4\">80<\/td><td class=\"column-5\">10.200<br \/>\n<\/td><td class=\"column-6\">recto<\/td><td class=\"column-7\"><\/td><td class=\"column-8\">235375<\/td>\n<\/tr>\n<tr class=\"row-13 odd\">\n\t<td class=\"column-1\">180<\/td><td class=\"column-2\">3<br \/>\n<\/td><td class=\"column-3\">22,23<\/td><td class=\"column-4\">80<\/td><td class=\"column-5\">8.500<\/td><td class=\"column-6\">abombado<br \/>\n<\/td><td class=\"column-7\"><\/td><td class=\"column-8\">189000<br \/>\n<\/td>\n<\/tr>\n<tr class=\"row-14 even\">\n\t<td class=\"column-1\">180<\/td><td class=\"column-2\">3<br \/>\n<\/td><td class=\"column-3\">22,23<\/td><td class=\"column-4\">80<\/td><td class=\"column-5\">8.500<\/td><td class=\"column-6\">recto<\/td><td class=\"column-7\"><\/td><td class=\"column-8\">13490<\/td>\n<\/tr>\n<tr class=\"row-15 odd\">\n\t<td class=\"column-1\">180<br \/>\n<\/td><td class=\"column-2\">2<\/td><td class=\"column-3\">22,23<\/td><td class=\"column-4\">80<\/td><td class=\"column-5\">8.500<br \/>\n<\/td><td class=\"column-6\">recto<\/td><td class=\"column-7\"><\/td><td class=\"column-8\">286455<\/td>\n<\/tr>\n<tr class=\"row-16 even\">\n\t<td class=\"column-1\">230<br \/>\n<\/td><td class=\"column-2\">3<\/td><td class=\"column-3\">22,23<\/td><td class=\"column-4\">80<\/td><td class=\"column-5\">6.600<\/td><td class=\"column-6\">abombado<br \/>\n<\/td><td class=\"column-7\"><\/td><td class=\"column-8\">189002<\/td>\n<\/tr>\n<tr class=\"row-17 odd\">\n\t<td class=\"column-1\">230<br \/>\n<\/td><td class=\"column-2\">3<\/td><td class=\"column-3\">22,23<\/td><td class=\"column-4\">80<\/td><td class=\"column-5\">6.600<\/td><td class=\"column-6\">recto<br \/>\n<\/td><td class=\"column-7\"><\/td><td class=\"column-8\">13492<br \/>\n<\/td>\n<\/tr>\n<tr class=\"row-18 even\">\n\t<td class=\"column-1\">230<\/td><td class=\"column-2\">2<\/td><td class=\"column-3\">22,23<\/td><td class=\"column-4\">80<\/td><td class=\"column-5\">6.600<\/td><td class=\"column-6\">recto<br \/>\n<\/td><td class=\"column-7\"><\/td><td class=\"column-8\">286456<br \/>\n<\/td>\n<\/tr>\n<\/tbody>\n<\/table>\n<!-- #tablepress-1 from cache -->\n","protected":false},"excerpt":{"rendered":"<p>209014 &#8211; CONICO 4.1\/2\u201dX3.2MM=1\/8\u201dX7\/8\u201d A24<br \/>\n 189000 &#8211; CONICO 7\u201dX3.2MM=1\/8\u201dX7\/8\u201d A24<br \/>\n 189002 &#8211; CONICO 9\u201dX3.2MM=1\/8\u201dX7\/8\u201d A24<br \/>\n 242137 &#8211; PLANO 4.1\/2\u201dX2.5MM=3\/32&#215;7\/8\u201d A24<br \/>\n 13490 &#8211; PLANO 7\u201dX 3.2MM=1\/8\u201dX7\/8\u201d A24<br \/>\n 13492 &#8211; PLANO 9\u201dX 3.2MM=1\/8\u201dX7\/8\u201d A24 <\/p>\n<h4>Campos de aplicaci\u00f3n<\/h4>\n<ul>\n<li>Acero<\/li>\n<li>Acero inoxidable<\/li>\n<li>Acero de construcci\u00f3n<\/li>\n<li>Metales no f\u00e9rricos<\/li>\n<li>Materiales de fundici\u00f3n<\/li>\n<li>Piedra<\/li>\n<li>Pl\u00e1sticos<\/li>\n<li>Materiales minerales<\/li>\n<li>Materiales macizos<\/li>\n<li>Tubos<\/li>\n<li>Planchas<\/li>\n<li>Chapas<\/li>\n<\/ul>\n","protected":false},"featured_media":447,"comment_status":"open","ping_status":"closed","template":"","meta":[],"product_cat":[77],"product_tag":[86,851,88],"class_list":{"0":"post-3169","1":"product","2":"type-product","3":"status-publish","4":"has-post-thumbnail","5":"hentry","6":"product_cat-klingpor","7":"product_tag-discos-de-corte","8":"product_tag-klingspor","9":"product_tag-metal","11":"entry","12":"has-media","13":"owp-thumbs-layout-horizontal","14":"owp-btn-normal","15":"owp-tabs-layout-horizontal","16":"has-no-thumbnails"},"_links":{"self":[{"href":"https:\/\/impafesa.com\/index.php\/wp-json\/wp\/v2\/product\/3169","targetHints":{"allow":["GET"]}}],"collection":[{"href":"https:\/\/impafesa.com\/index.php\/wp-json\/wp\/v2\/product"}],"about":[{"href":"https:\/\/impafesa.com\/index.php\/wp-json\/wp\/v2\/types\/product"}],"replies":[{"embeddable":true,"href":"https:\/\/impafesa.com\/index.php\/wp-json\/wp\/v2\/comments?post=3169"}],"wp:featuredmedia":[{"embeddable":true,"href":"https:\/\/impafesa.com\/index.php\/wp-json\/wp\/v2\/media\/447"}],"wp:attachment":[{"href":"https:\/\/impafesa.com\/index.php\/wp-json\/wp\/v2\/media?parent=3169"}],"wp:term":[{"taxonomy":"product_cat","embeddable":true,"href":"https:\/\/impafesa.com\/index.php\/wp-json\/wp\/v2\/product_cat?post=3169"},{"taxonomy":"product_tag","embeddable":true,"href":"https:\/\/impafesa.com\/index.php\/wp-json\/wp\/v2\/product_tag?post=3169"}],"curies":[{"name":"wp","href":"https:\/\/api.w.org\/{rel}","templated":true}]}}