{"id":3176,"date":"2022-11-30T22:19:05","date_gmt":"2022-11-30T22:19:05","guid":{"rendered":"https:\/\/impafesa.com\/?post_type=product&#038;p=3176"},"modified":"2022-11-30T22:19:08","modified_gmt":"2022-11-30T22:19:08","slug":"klingspor-disco-flap-supra-4-1-2-acero-inox-smt624-12o-c-10","status":"publish","type":"product","link":"https:\/\/impafesa.com\/index.php\/product\/klingspor-disco-flap-supra-4-1-2-acero-inox-smt624-12o-c-10\/","title":{"rendered":"KLINGSPOR DISCO FLAP SUPRA 4.1\/2&#8243; ACERO\/INOX SMT624 12\u00ba (C 10))"},"content":{"rendered":"<h2>Disco de l\u00e1minas abrasivo SMT 624 Supra para acero inoxidable y acero<\/h2>\n<p>Para el mecanizado de superficies de <strong>acero inoxidable<\/strong> y acero se requieren unos discos abrasivos que aseguren una <strong>alta tasa de remoci\u00f3n<\/strong> y una <strong>tasa de arranque y remoci\u00f3n agresiva<\/strong>. El <strong>disco de l\u00e1minas abrasivo<\/strong> SMT 624 Supra cumple estas condiciones. Est\u00e1 disponible<\/p>\n<ul>\n<li>en diferentes tama\u00f1os,<\/li>\n<li>con diferentes agujeros y<\/li>\n<li>con diversas granulometr\u00edas. Por este motivo es apropiado para todas las amoladoras angulares convencionales, as\u00ed como para m\u00faltiples aplicaciones. ### Discos de l\u00e1minas abrasivos Supra para un alto rendimiento Los discos de l\u00e1minas abrasivos de la l\u00ednea de productos \u00abSupra\u00bb destacan por su larga vida \u00fatil, adem\u00e1s de su tasa de remoci\u00f3n. Por este motivo son ideales para el uso profesional, as\u00ed como para altas exigencias en el \u00e1mbito del bricolaje. Las prestaciones del <strong>disco de l\u00e1minas abrasivo<\/strong> SMT 624 Supra est\u00e1n garantizadas por el grano robusto de al\u00famina de zirc\u00f3n que ofrece un alto rendimiento. El material es autoafilante, dado que surgen continuamente nuevos cantos afilados durante el proceso de lijado. Con su resistencia extrema, el plato hecho de robusto tejido de fibra de vidrio cumple un elevado est\u00e1ndar de seguridad. En funci\u00f3n del di\u00e1metro de. disco, la velocidad de giro admisible es de hasta 15.300 vueltas por minuto. Cuanto m\u00e1s grande sea el disco de l\u00e1minas abrasivo, m\u00e1s baja es la velocidad de giro admisible. Una inscripci\u00f3n en el disco indica el margen de revoluciones permitido en cada caso.<\/li>\n<\/ul>\n<h3>Forma abombada para trabajos especiales<\/h3>\n<p>El <strong>disco de l\u00e1minas abrasivo<\/strong> SMT 624 Supra posee una superficie abombada en 12\u00b0. Representa la elecci\u00f3n adecuada para conseguir una <strong>alta tasa de remoci\u00f3n<\/strong> en cantos, cordones de soldadura y otras superficies peque\u00f1as. Adem\u00e1s, demuestra sus excelentes propiedades en el biselado. Sobre todo en combinaci\u00f3n con amoladoras angulares de gran potencia, el disco abrasivo despliega su <strong>tasa de arranque y remoci\u00f3n agresiva<\/strong>, garantizando a la vez una gran comodidad al lijar. Dado que la disposici\u00f3n en forma de abanico crea una superficie uniforme, no se requiere ning\u00fan repaso, incluso al utilizar granulometr\u00edas gruesas.<\/p>\n<h3>El disco de l\u00e1minas abrasivo SMT 624 posee numerosas caracter\u00edsticas positivas<\/h3>\n<p>Las caracter\u00edsticas positivas del disco de l\u00e1minas abrasivo SMT 624 Supra reduce la frecuencia de cambio de herramienta y contribuye as\u00ed a un rendimiento de trabajo eficiente. Con el estable plato lijador, el <strong>disco de l\u00e1minas abrasivo<\/strong> aumenta la seguridad en el trabajo. Con el bajo nivel de vibraciones y la generaci\u00f3n de ruido reducida durante el funcionamiento cumple aspectos importantes de la protecci\u00f3n laboral.<\/p>\n","protected":false},"excerpt":{"rendered":"<p>322764 &#8211; 4.1\/2\u201d GR036 SMT624 12\u00ba <\/p>\n<p> 322765 &#8211; 4.1\/2\u201d GR040 SMT624 12\u00ba <\/p>\n<p> 322767 &#8211; 4.1\/2\u201d GR060 SMT624 12\u00ba <\/p>\n<p> 322768 &#8211; 4.1\/2\u201d GR080 SMT624 12\u00ba <\/p>\n<p> 322769 &#8211; 4.1\/2\u201d GR120 SMT624 12\u00ba <\/p>\n<p> 322782 &#8211; 7\u201d GR036 SMT624 12\u00ba <\/p>\n<p> 322783 &#8211; 7\u201d GR040 SMT624 12\u00ba <\/p>\n<p> 322785 &#8211; 7\u201d GR060 SMT624 12\u00ba <\/p>\n<p> 322786 &#8211; 7\u201d GR080 SMT624 12\u00ba <\/p>\n<p> 322787 &#8211; 7\u201d GR120 SMT624 12\u00ba <\/p>\n<h4>Campos de aplicaci\u00f3n<\/h4>\n<ul>\n<li>Metal universal<\/li>\n<li>Acero<\/li>\n<li>Acero inoxidable<\/li>\n<li>Aceros de alta aleaci\u00f3n<\/li>\n<li>Metales no f\u00e9rricos<\/li>\n<li>Aluminio<\/li>\n<li>Pintura<\/li>\n<li>Laca<\/li>\n<li>Pl\u00e1sticos<\/li>\n<li>Madera<\/li>\n<\/ul>\n","protected":false},"featured_media":498,"comment_status":"open","ping_status":"closed","template":"","meta":[],"product_cat":[77],"product_tag":[96,90,87,97,851],"class_list":{"0":"post-3176","1":"product","2":"type-product","3":"status-publish","4":"has-post-thumbnail","5":"hentry","6":"product_cat-klingpor","7":"product_tag-abrasivos","8":"product_tag-acero","9":"product_tag-acero-inox","10":"product_tag-disco-de-laminas","11":"product_tag-klingspor","13":"entry","14":"has-media","15":"owp-thumbs-layout-horizontal","16":"owp-btn-normal","17":"owp-tabs-layout-horizontal","18":"has-no-thumbnails"},"_links":{"self":[{"href":"https:\/\/impafesa.com\/index.php\/wp-json\/wp\/v2\/product\/3176","targetHints":{"allow":["GET"]}}],"collection":[{"href":"https:\/\/impafesa.com\/index.php\/wp-json\/wp\/v2\/product"}],"about":[{"href":"https:\/\/impafesa.com\/index.php\/wp-json\/wp\/v2\/types\/product"}],"replies":[{"embeddable":true,"href":"https:\/\/impafesa.com\/index.php\/wp-json\/wp\/v2\/comments?post=3176"}],"wp:featuredmedia":[{"embeddable":true,"href":"https:\/\/impafesa.com\/index.php\/wp-json\/wp\/v2\/media\/498"}],"wp:attachment":[{"href":"https:\/\/impafesa.com\/index.php\/wp-json\/wp\/v2\/media?parent=3176"}],"wp:term":[{"taxonomy":"product_cat","embeddable":true,"href":"https:\/\/impafesa.com\/index.php\/wp-json\/wp\/v2\/product_cat?post=3176"},{"taxonomy":"product_tag","embeddable":true,"href":"https:\/\/impafesa.com\/index.php\/wp-json\/wp\/v2\/product_tag?post=3176"}],"curies":[{"name":"wp","href":"https:\/\/api.w.org\/{rel}","templated":true}]}}