{"id":3187,"date":"2022-11-30T22:19:05","date_gmt":"2022-11-30T22:19:05","guid":{"rendered":"https:\/\/impafesa.com\/?post_type=product&#038;p=3187"},"modified":"2022-11-30T22:19:08","modified_gmt":"2022-11-30T22:19:08","slug":"klingspor-disco-flap-supra-multibond-4-1-2gr040-smt636-6o","status":"publish","type":"product","link":"https:\/\/impafesa.com\/index.php\/product\/klingspor-disco-flap-supra-multibond-4-1-2gr040-smt636-6o\/","title":{"rendered":"KLINGSPOR DISCO FLAP SUPRA MULTIBOND 4.1\/2&#8243;GR040 SMT636 6\u00ba"},"content":{"rendered":"<h2>SMT 636 Supra: disco de l\u00e1minas abrasivo para el mecanizado de acero inoxidable<\/h2>\n<p>Con sus versiones abombada o recta, el disco de l\u00e1minas abrasivo SMT 636 Supra est\u00e1 dise\u00f1ado para el <strong>lijado de cantos y superficies<\/strong> y sirve para el uso en materiales como<\/p>\n<ul>\n<li>acero inoxidable.<\/li>\n<\/ul>\n<p>Entre sus caracter\u00edsticas m\u00e1s destacadas se encuentra el <strong>lijado en fr\u00edo<\/strong> que este producto debe a su aglutinante multicapa. Al utilizar este producto abrasivo no se necesita temer que se produzca una vitrificaci\u00f3n o un embozamiento. Tanto los usuarios profesionales como los aficionados saben apreciar estas caracter\u00edsticas para el mecanizado de cantos. Este producto especial est\u00e1 dise\u00f1ado para tareas exigentes y alcanza, en la pr\u00e1ctica, excelentes resultados en las condiciones m\u00e1s diversas.<\/p>\n<h3>Gran efecto de lijado, amplia selecci\u00f3n de productos<\/h3>\n<p>Con el disco de l\u00e1minas abrasivo SMT 636 Supra, los compradores disfrutan de un producto con una alta agresividad y una larga vida \u00fatil. Permite ejecutar trabajos exigentes a fondo y en un tiempo adecuadamente corto. En este producto abrasivo se apuesta por el tipo de grano probado de al\u00famina de zirc\u00f3n que consigue excelentes resultados en materiales como <strong>acero inoxidable<\/strong>. El producto est\u00e1 disponible en diferentes granulometr\u00edas y di\u00e1metros y est\u00e1 dise\u00f1ado para unas velocidades de giro de 8.500, 12.200 y 13.300 vueltas por minuto. De esta manera se dispone de un disco de l\u00e1minas abrasivo adecuado para muchas herramientas usuales.<\/p>\n<h3>Discos de l\u00e1minas abrasivos de la serie Supra<\/h3>\n<p>Los discos de l\u00e1minas abrasivos de la l\u00ednea de productos Supra, tales como el SMT 636, son productos profesionales con una alta tasa de remoci\u00f3n y una excelente durabilidad. Est\u00e1n fabricados conforme a las normas vigentes y garantizan la m\u00e1xima seguridad. El producto presentado aqu\u00ed dispone de un plato abombado. En este caso, el lijado se realiza con una superficie de uso m\u00e1s estrecha: debido a la aplicaci\u00f3n m\u00e1s puntual, el producto abrasivo alcanza una tasa de remoci\u00f3n m\u00e1s elevada por unidad de tiempo. Por este motivo, el SMT 636 Supra es tan \u00fatil para el mecanizado de cantos y cordones de soldadura. Klingspor tambi\u00e9n ofrece versiones rectas para el lijado plano y de superficies. De esta manera, los compradores interesados consiguen un disco de l\u00e1minas abrasivo con las caracter\u00edsticas adecuadas para cada \u00e1mbito de aplicaci\u00f3n.<\/p>\n","protected":false},"excerpt":{"rendered":"<p>322826 &#8211; 4.1\/2\u201dGR040 SMT636<br \/>\n 322827 &#8211; 4.1\/2\u201dGR060 SMT636 <\/p>\n<h4>Campos de aplicaci\u00f3n<\/h4>\n<ul>\n<li>Metal universal<\/li>\n<li>Acero<\/li>\n<li>Acero inoxidable<\/li>\n<li>Aceros de alta aleaci\u00f3n<\/li>\n<li>Metales no f\u00e9rricos<\/li>\n<li>Aluminio<\/li>\n<li>Pintura<\/li>\n<li>Laca<\/li>\n<li>Pl\u00e1sticos<\/li>\n<li>Madera<\/li>\n<\/ul>\n","protected":false},"featured_media":500,"comment_status":"open","ping_status":"closed","template":"","meta":[],"product_cat":[77],"product_tag":[96,87,97,851],"class_list":{"0":"post-3187","1":"product","2":"type-product","3":"status-publish","4":"has-post-thumbnail","5":"hentry","6":"product_cat-klingpor","7":"product_tag-abrasivos","8":"product_tag-acero-inox","9":"product_tag-disco-de-laminas","10":"product_tag-klingspor","12":"entry","13":"has-media","14":"owp-thumbs-layout-horizontal","15":"owp-btn-normal","16":"owp-tabs-layout-horizontal","17":"has-no-thumbnails"},"_links":{"self":[{"href":"https:\/\/impafesa.com\/index.php\/wp-json\/wp\/v2\/product\/3187","targetHints":{"allow":["GET"]}}],"collection":[{"href":"https:\/\/impafesa.com\/index.php\/wp-json\/wp\/v2\/product"}],"about":[{"href":"https:\/\/impafesa.com\/index.php\/wp-json\/wp\/v2\/types\/product"}],"replies":[{"embeddable":true,"href":"https:\/\/impafesa.com\/index.php\/wp-json\/wp\/v2\/comments?post=3187"}],"wp:featuredmedia":[{"embeddable":true,"href":"https:\/\/impafesa.com\/index.php\/wp-json\/wp\/v2\/media\/500"}],"wp:attachment":[{"href":"https:\/\/impafesa.com\/index.php\/wp-json\/wp\/v2\/media?parent=3187"}],"wp:term":[{"taxonomy":"product_cat","embeddable":true,"href":"https:\/\/impafesa.com\/index.php\/wp-json\/wp\/v2\/product_cat?post=3187"},{"taxonomy":"product_tag","embeddable":true,"href":"https:\/\/impafesa.com\/index.php\/wp-json\/wp\/v2\/product_tag?post=3187"}],"curies":[{"name":"wp","href":"https:\/\/api.w.org\/{rel}","templated":true}]}}