{"id":3194,"date":"2022-11-30T22:19:06","date_gmt":"2022-11-30T22:19:06","guid":{"rendered":"https:\/\/impafesa.com\/?post_type=product&#038;p=3194"},"modified":"2022-11-30T22:19:08","modified_gmt":"2022-11-30T22:19:08","slug":"klingspor-disco-flap-supra-plano-4-1-2-acero-inox-smt628-c-10","status":"publish","type":"product","link":"https:\/\/impafesa.com\/index.php\/product\/klingspor-disco-flap-supra-plano-4-1-2-acero-inox-smt628-c-10\/","title":{"rendered":"KLINGSPOR DISCO FLAP SUPRA PLANO 4.1\/2&#8243; ACERO\/INOX SMT628 (C 10)"},"content":{"rendered":"<h2>SMT 628 Supra: disco de l\u00e1minas abrasivo para acero inoxidable y acero<\/h2>\n<p>El disco de l\u00e1minas abrasivo SMT 628 Supra est\u00e1 dirigido a los usuarios profesionales que desean conseguir la tasa de remoci\u00f3n \u00f3ptima para sus aplicaciones. El disco de l\u00e1minas abrasivo est\u00e1 dise\u00f1ado para el trabajo en<\/p>\n<ul>\n<li><strong>acero inoxidable<\/strong> y<\/li>\n<li>acero.<\/li>\n<\/ul>\n<p>Este producto abrasivo pertenece a la serie Supra. Estos discos de l\u00e1minas abrasivos convencen por su excelente durabilidad y un comportamiento de lijado especialmente agresivo. Permite realizar r\u00e1pidamente incluso trabajos exigentes. Por este motivo, el disco de l\u00e1minas abrasivo es apropiado para aplicaciones profesionales, pero tambi\u00e9n los aficionados aprecian las cualidades de este producto a la hora de realizar proyectos exigentes.<\/p>\n<h3>Disco de l\u00e1minas abrasivo de forma recta<\/h3>\n<p>Este disco de l\u00e1minas abrasivo posee una forma constructiva recta, por lo cual es id\u00f3neo para el <strong>lijado plano y de superficies<\/strong>. En este caso, se dispone de la superficie de uso m\u00e1xima para el mecanizado de superficies. Tambi\u00e9n en otros productos, Klingspor ofrece, adem\u00e1s de la versi\u00f3n recta, una forma abombada para el mecanizado de cantos. Los compradores interesados pueden obtener este producto en m\u00faltiples versiones. Entre ellas se encuentran platos con diferentes granulometr\u00edas que son apropiados para trabajos de lijado desde finos hasta bastos. Las diferencias se encuentran en la velocidad m\u00e1xima admisible y en el di\u00e1metro de los discos. En este aspecto, Klingspor ofrece a sus clientes una amplia selecci\u00f3n.<\/p>\n<h3>Tasa de remoci\u00f3n \u00f3ptima para usuarios exigentes<\/h3>\n<p>Quien espera de su disco de l\u00e1minas abrasivo una <strong>tasa de remoci\u00f3n \u00f3ptima<\/strong> elige el modelo SMT 628 Supra. Este producto abrasivo apuesta por la al\u00famina de zirc\u00f3n como tipo de grano, un material que ha demostrado su val\u00eda en m\u00faltiples aplicaciones pr\u00e1cticas. El plato propiamente dicho est\u00e1 fabricado de un robusto tejido de fibra de vidrio que demuestra tener una vida \u00fatil muy larga. La tasa de arranque y remoci\u00f3n agresiva, junto con la gran comodidad al rectificar en una multitud de tareas, son las ventajas decisivas de este producto. El disco de l\u00e1minas abrasivo alcanza su tasa de remoci\u00f3n m\u00e1xima en amoladoras angulares de alta potencia. El producto es apropiado para todos los usuarios que no quieren hacer concesiones en sus trabajos y esperan resultados r\u00e1pidos de alta calidad.<\/p>\n","protected":false},"excerpt":{"rendered":"<p>322789 &#8211; 4.1\/2\u201d GR036 SMT628 <\/p>\n<p> 322790 &#8211; 4.1\/2\u201d GR040 SMT628 <\/p>\n<p> 322792 &#8211; 4.1\/2\u201d GR060 SMT628 <\/p>\n<p> 322793 &#8211; 4.1\/2\u201d GR080 SMT628 <\/p>\n<p> 322802794 &#8211; 7\u201d GR036 SMT628 <\/p>\n<p> 322803 &#8211; 7\u201d GR040 SMT628 <\/p>\n<p> 322805 &#8211; 7\u201d GR060 SMT628 <\/p>\n<p> 322806 &#8211; 7\u201d GR080 SMT628 <\/p>\n","protected":false},"featured_media":509,"comment_status":"open","ping_status":"closed","template":"","meta":[],"product_cat":[77],"product_tag":[96,90,87,97,851],"class_list":{"0":"post-3194","1":"product","2":"type-product","3":"status-publish","4":"has-post-thumbnail","5":"hentry","6":"product_cat-klingpor","7":"product_tag-abrasivos","8":"product_tag-acero","9":"product_tag-acero-inox","10":"product_tag-disco-de-laminas","11":"product_tag-klingspor","13":"entry","14":"has-media","15":"owp-thumbs-layout-horizontal","16":"owp-btn-normal","17":"owp-tabs-layout-horizontal","18":"has-no-thumbnails"},"_links":{"self":[{"href":"https:\/\/impafesa.com\/index.php\/wp-json\/wp\/v2\/product\/3194","targetHints":{"allow":["GET"]}}],"collection":[{"href":"https:\/\/impafesa.com\/index.php\/wp-json\/wp\/v2\/product"}],"about":[{"href":"https:\/\/impafesa.com\/index.php\/wp-json\/wp\/v2\/types\/product"}],"replies":[{"embeddable":true,"href":"https:\/\/impafesa.com\/index.php\/wp-json\/wp\/v2\/comments?post=3194"}],"wp:featuredmedia":[{"embeddable":true,"href":"https:\/\/impafesa.com\/index.php\/wp-json\/wp\/v2\/media\/509"}],"wp:attachment":[{"href":"https:\/\/impafesa.com\/index.php\/wp-json\/wp\/v2\/media?parent=3194"}],"wp:term":[{"taxonomy":"product_cat","embeddable":true,"href":"https:\/\/impafesa.com\/index.php\/wp-json\/wp\/v2\/product_cat?post=3194"},{"taxonomy":"product_tag","embeddable":true,"href":"https:\/\/impafesa.com\/index.php\/wp-json\/wp\/v2\/product_tag?post=3194"}],"curies":[{"name":"wp","href":"https:\/\/api.w.org\/{rel}","templated":true}]}}