{"id":3203,"date":"2022-11-30T22:19:08","date_gmt":"2022-11-30T22:19:08","guid":{"rendered":"https:\/\/impafesa.com\/?post_type=product&#038;p=3203"},"modified":"2022-11-30T22:19:11","modified_gmt":"2022-11-30T22:19:11","slug":"klingspor-disco-flap-extra-4-1-2-gr036-acero-mad-smt314-12o-c-10","status":"publish","type":"product","link":"https:\/\/impafesa.com\/index.php\/product\/klingspor-disco-flap-extra-4-1-2-gr036-acero-mad-smt314-12o-c-10\/","title":{"rendered":"KLINGSPOR DISCO FLAP EXTRA 4.1\/2&#8243; GR036 ACERO\/MAD SMT314 12\u00ba (C 10)"},"content":{"rendered":"<h2>SMT 314 Extra: disco de l\u00e1minas abrasivo para acero y metales no f\u00e9rricos<\/h2>\n<p>El <strong>disco de l\u00e1minas abrasivo<\/strong> SMT 314 Extra es la elecci\u00f3n correcta para el mecanizado profesional de superficies de<\/p>\n<ul>\n<li>metales no f\u00e9rricos,<\/li>\n<li><strong>acero<\/strong> y<\/li>\n<li>madera.<\/li>\n<\/ul>\n<p>El disco de l\u00e1minas abrasivo demuestra sus ventajas sobre todo en acero sin alear y metales no f\u00e9rricos. Por su versatilidad y capacidad de rendimiento se emplea principalmente en la construcci\u00f3n met\u00e1lica, en la construcci\u00f3n de instalaciones y en cerrajer\u00edas.<\/p>\n<h3>Buena tasa de arranque y alta tasa de remoci\u00f3n<\/h3>\n<p>Otro aspecto importante es la larga vida \u00fatil de la herramienta. Evita un cambio frecuente de la herramienta, favoreciendo as\u00ed un rendimiento de trabajo eficiente y fluido. El tipo de grano del disco abrasivo contribuye a conseguirlo. El <strong>grano de corind\u00f3n<\/strong> es un material autoafilante. Durante el proceso de afilado se rompen los granos, creando cada vez nuevos cantos afilados. La base del disco de l\u00e1minas abrasivo es un plato de tejido de fibra de vidrio. El material es particularmente resistente, aunque suficientemente flexible para mantener su estabilidad incluso con esfuerzos elevados. Adem\u00e1s, asegura la transmisi\u00f3n \u00f3ptima de la fuerza a la pieza. Como disco abrasivo de la l\u00ednea de productos \u00abExtra\u00bb, el <strong>disco de l\u00e1minas abrasivo<\/strong> SMT 314 ofrece una atractiva relaci\u00f3n de precio y rendimiento.<\/p>\n<h3>Forma abombada para superficies peque\u00f1as<\/h3>\n<p>El disco de l\u00e1minas abrasivo SMT 314 tiene una forma abombada en 12\u00b0, por lo cual es la herramienta adecuada para el mecanizado de superficies peque\u00f1as, tales como cantos o cordones de soldadura. Los <strong>discos de l\u00e1minas abrasivos<\/strong> abombadas tienen una superficie de uso estrecha y consiguen un arranque de viruta especialmente elevado gracias a la aplicaci\u00f3n puntual. Los discos abrasivos est\u00e1n disponibles en diferentes tama\u00f1os y con distintas granulometr\u00edas. Han sido desarrollados especialmente para el uso en amoladoras angulares de altas revoluciones.<\/p>\n<h3>Cuanto m\u00e1s grande sea el plato lijador, m\u00e1s baja es la velocidad de giro admisible<\/h3>\n<p>En funci\u00f3n del di\u00e1metro, la velocidad de giro admisible del disco de l\u00e1minas abrasivo SMT 314 es de hasta 13.300 rpm. Las l\u00e1minas abrasivas est\u00e1n dispuestas de tal manera que queda garantizado el uso \u00f3ptimo hasta el final con un alto rendimiento constante. Un criterio importante para la seguridad en el trabajo es la uni\u00f3n firme entre las l\u00e1minas abrasivas y el plato base de los discos de l\u00e1minas abrasivos de Klingspor.<\/p>\n","protected":false},"excerpt":{"rendered":"<p>322808 &#8211; 4.1\/2\u201dGR036 SMT314 <\/p>\n<p> 322809 &#8211; 4.1\/2\u201dGR040 SMT314 <\/p>\n<p> 322811 &#8211; 4.1\/2\u201dGR060 SMT314 <\/p>\n<p> 322812 &#8211; 4.1\/2\u201dGR080 SMT314 <\/p>\n<p> 322813 &#8211; 4.1\/2\u201dGR120 SMT314 <\/p>\n<h4>Campos de aplicaci\u00f3n<\/h4>\n<ul>\n<li>Metal universal<\/li>\n<li>Acero<\/li>\n<li>Acero inoxidable<\/li>\n<li>Aceros de alta aleaci\u00f3n<\/li>\n<li>Metales no f\u00e9rricos<\/li>\n<li>Aluminio<\/li>\n<li>Pintura<\/li>\n<li>Laca<\/li>\n<li>Pl\u00e1stic<\/li>\n<\/ul>\n","protected":false},"featured_media":519,"comment_status":"open","ping_status":"closed","template":"","meta":[],"product_cat":[77],"product_tag":[96,87,97,851,89],"class_list":{"0":"post-3203","1":"product","2":"type-product","3":"status-publish","4":"has-post-thumbnail","5":"hentry","6":"product_cat-klingpor","7":"product_tag-abrasivos","8":"product_tag-acero-inox","9":"product_tag-disco-de-laminas","10":"product_tag-klingspor","11":"product_tag-metales-no-ferricos","13":"entry","14":"has-media","15":"owp-thumbs-layout-horizontal","16":"owp-btn-normal","17":"owp-tabs-layout-horizontal","18":"has-no-thumbnails"},"_links":{"self":[{"href":"https:\/\/impafesa.com\/index.php\/wp-json\/wp\/v2\/product\/3203","targetHints":{"allow":["GET"]}}],"collection":[{"href":"https:\/\/impafesa.com\/index.php\/wp-json\/wp\/v2\/product"}],"about":[{"href":"https:\/\/impafesa.com\/index.php\/wp-json\/wp\/v2\/types\/product"}],"replies":[{"embeddable":true,"href":"https:\/\/impafesa.com\/index.php\/wp-json\/wp\/v2\/comments?post=3203"}],"wp:featuredmedia":[{"embeddable":true,"href":"https:\/\/impafesa.com\/index.php\/wp-json\/wp\/v2\/media\/519"}],"wp:attachment":[{"href":"https:\/\/impafesa.com\/index.php\/wp-json\/wp\/v2\/media?parent=3203"}],"wp:term":[{"taxonomy":"product_cat","embeddable":true,"href":"https:\/\/impafesa.com\/index.php\/wp-json\/wp\/v2\/product_cat?post=3203"},{"taxonomy":"product_tag","embeddable":true,"href":"https:\/\/impafesa.com\/index.php\/wp-json\/wp\/v2\/product_tag?post=3203"}],"curies":[{"name":"wp","href":"https:\/\/api.w.org\/{rel}","templated":true}]}}