{"id":3209,"date":"2022-11-30T22:19:08","date_gmt":"2022-11-30T22:19:08","guid":{"rendered":"https:\/\/impafesa.com\/?post_type=product&#038;p=3209"},"modified":"2022-11-30T22:19:11","modified_gmt":"2022-11-30T22:19:11","slug":"klingspor-disco-flap-smt850-fibra-sintet-combi-plus-4-1-2-c-5-combi-plus","status":"publish","type":"product","link":"https:\/\/impafesa.com\/index.php\/product\/klingspor-disco-flap-smt850-fibra-sintet-combi-plus-4-1-2-c-5-combi-plus\/","title":{"rendered":"KLINGSPOR DISCO FLAP SMT850 FIBRA SINTET COMBI PLUS 4.1\/2&#8243; (C 5) COMBI PLUS"},"content":{"rendered":"<h2>SMT 850 plus Special: disco de l\u00e1minas abrasivo para acero inoxidable<\/h2>\n<p>El modelo SMT 850 plus Special es un experto insuperable a la hora de mecanizar cordones de soldadura WIG. Esta versi\u00f3n especial ejecutada como <strong>disco de l\u00e1minas multiuso<\/strong> lo convierte en una herramienta altamente eficiente, dado que permite ejecutar el arranque de material y el <strong>acabado<\/strong> en una sola operaci\u00f3n. Su \u00e1mbito de aplicaci\u00f3n es el acero inoxidable. Dise\u00f1ado para el usuario profesional, el SMT 850 plus Special se utiliza cuando se necesita un <strong>mecanizado de cordones de soldadura<\/strong> despu\u00e9s de la soldadura WIG, por ejemplo en talleres metal\u00fargicos, despu\u00e9s de la soldadura de tuber\u00edas o en la construcci\u00f3n de equipos e instalaciones. El acabado de alta calidad del disco de l\u00e1minas abrasivo garantiza una alta seguridad y unos resultados uniformes a lo largo de toda su vida \u00fatil.<\/p>\n<h3>Grueso o fino, pero siempre de calidad<\/h3>\n<p>En la soldadura WIG, es decir, la \u00absoldadura de wolframio con gas inerte\u00bb, se funde <strong>acero inoxidable<\/strong> por medio de un arco producido por un electrodo de wolframio y se efect\u00faa la soldadura bajo gas inerte. Los cordones de soldadura producidos se pueden alisar de manera \u00f3ptima con la ayuda del <strong>disco de l\u00e1minas multiuso<\/strong>. Gracias a su dise\u00f1o, las l\u00e1minas consiguen, por un lado, el arranque de material necesario y, por el otro lado, el alisado limpio de la superficie. En consecuencia se puede prescindir de un cambio de herramienta. Esto permite ahorrar tiempo y costes. El SMT 850 plus Special no solo es extraordinariamente pr\u00e1ctico; adem\u00e1s, resulta muy rentable gracias a su larga vida \u00fatil (duraci\u00f3n de uso).<\/p>\n<h3>Dos herramientas en una<\/h3>\n<p>Una particularidad del SMT 850 plus Special es su estructura formada por dos productos abrasivos distintos: por una parte, un soporte de tejido altamente flexible en el cual se ha aplicado \u00f3xido de aluminio, y por otra parte una fibra sint\u00e9tica. En consecuencia, este <strong>disco de l\u00e1minas multiuso<\/strong> combina el lijado suave con una alta agresividad. La tasa de remoci\u00f3n se mantiene constante a lo largo de toda la vida \u00fatil, dado que el producto abrasivo libera continuamente granos nuevos. El <strong>acabado<\/strong> ejecutado simult\u00e1neamente por la fibra sint\u00e9tica muestra la misma alta calidad a lo largo de toda la vida \u00fatil de la herramienta. Gracias a la ejecuci\u00f3n abombada, es particularmente apropiado para el uso preciso y puntual. El plato base est\u00e1 hecho de un tejido especial irrompible y resistente de fibra de vidrio. La construcci\u00f3n del disco de l\u00e1minas abrasivo posibilita la transmisi\u00f3n uniforme de la fuerza a la pieza.<\/p>\n<h3>Seguridad y fiabilidad en el duro trabajo cotidiano<\/h3>\n<p>Un proceso de fabricaci\u00f3n especial asegura una excelente uni\u00f3n entre la l\u00e1mina abrasiva y el plato base del SMT 850 plus Special. De esta manera supera la norma de seguridad EN 13743, al igual que las especificaciones de las directivas oSa. Esta herramienta pertenece a la l\u00ednea de productos \u00abSpecial\u00bb de Klingspor, sin\u00f3nimo de un m\u00e1ximo de rendimiento y durabilidad y unos resultados perfectos en el uso intensivo en el \u00e1mbito industrial.<\/p>\n","protected":false},"excerpt":{"rendered":"<p>312556 &#8211; 4.1\/2\u201dGR060 SMT850 <\/p>\n<p> 312557 &#8211; 4.1\/2\u201dGR080 SMT850 <\/p>\n<p> 312558 &#8211; 4.1\/2\u201dGR120 SMT850 <\/p>\n","protected":false},"featured_media":527,"comment_status":"open","ping_status":"closed","template":"","meta":[],"product_cat":[77],"product_tag":[96,87,97,851],"class_list":{"0":"post-3209","1":"product","2":"type-product","3":"status-publish","4":"has-post-thumbnail","5":"hentry","6":"product_cat-klingpor","7":"product_tag-abrasivos","8":"product_tag-acero-inox","9":"product_tag-disco-de-laminas","10":"product_tag-klingspor","12":"entry","13":"has-media","14":"owp-thumbs-layout-horizontal","15":"owp-btn-normal","16":"owp-tabs-layout-horizontal","17":"has-no-thumbnails"},"_links":{"self":[{"href":"https:\/\/impafesa.com\/index.php\/wp-json\/wp\/v2\/product\/3209","targetHints":{"allow":["GET"]}}],"collection":[{"href":"https:\/\/impafesa.com\/index.php\/wp-json\/wp\/v2\/product"}],"about":[{"href":"https:\/\/impafesa.com\/index.php\/wp-json\/wp\/v2\/types\/product"}],"replies":[{"embeddable":true,"href":"https:\/\/impafesa.com\/index.php\/wp-json\/wp\/v2\/comments?post=3209"}],"wp:featuredmedia":[{"embeddable":true,"href":"https:\/\/impafesa.com\/index.php\/wp-json\/wp\/v2\/media\/527"}],"wp:attachment":[{"href":"https:\/\/impafesa.com\/index.php\/wp-json\/wp\/v2\/media?parent=3209"}],"wp:term":[{"taxonomy":"product_cat","embeddable":true,"href":"https:\/\/impafesa.com\/index.php\/wp-json\/wp\/v2\/product_cat?post=3209"},{"taxonomy":"product_tag","embeddable":true,"href":"https:\/\/impafesa.com\/index.php\/wp-json\/wp\/v2\/product_tag?post=3209"}],"curies":[{"name":"wp","href":"https:\/\/api.w.org\/{rel}","templated":true}]}}