{"id":3213,"date":"2022-11-30T22:19:08","date_gmt":"2022-11-30T22:19:08","guid":{"rendered":"https:\/\/impafesa.com\/?post_type=product&#038;p=3213"},"modified":"2022-11-30T22:19:11","modified_gmt":"2022-11-30T22:19:11","slug":"klingspor-disco-diaman-segment-supra-asfalto-dt602a","status":"publish","type":"product","link":"https:\/\/impafesa.com\/index.php\/product\/klingspor-disco-diaman-segment-supra-asfalto-dt602a\/","title":{"rendered":"KLINGSPOR DISCO DIAMAN. SEGMENT. SUPRA ASFALTO DT602A"},"content":{"rendered":"<h2>Disco de corte diamantado grande DT 602 A Supra \u2013 desarrollado espec\u00edficamente para asfalto<\/h2>\n<p>El <strong>disco de corte diamantado grande<\/strong> DT 602 A Supra de Klingspor es muy apropiado para el corte y el tronzado de<\/p>\n<ul>\n<li><strong>asfalto<\/strong>,<\/li>\n<li><strong>piedra arenisca<\/strong> y otros<\/li>\n<li>materiales abrasivos.<\/li>\n<\/ul>\n<p>El <strong>disco de corte diamantado grande<\/strong> DT 602 A Supra se puede utilizar en todas las cortadoras de juntas y tronzadoras motorizadas convencionales. El agujero para el asiento est\u00e1 disponible con diferentes di\u00e1metros. Para asientos de menor tama\u00f1o, el agujero del <strong>disco de corte diamantado grande<\/strong> DT 602 A Supra se puede adaptar con la ayuda del anillo reductor DZ 100 RR.<\/p>\n<h3>Segmentos de protecci\u00f3n del n\u00facleo para una larga vida \u00fatil<\/h3>\n<p>En el mecanizado de materiales abrasivos, el n\u00facleo del disco se ve expuesto a unos esfuerzos excesivos. Con el fin de proteger la hoja base, el <strong>disco de corte diamantado grande<\/strong> DT 602 A Supra est\u00e1 dotado de segmentos de protecci\u00f3n del n\u00facleo. De esta manera se evita el destalonado o la rotura de un segmento. El <strong>disco de corte diamantado grande<\/strong> DT 602 A Supra se puede conducir con una buena velocidad de avance. Lo asegura la alta velocidad de corte de hasta 100 m\/s. El <strong>disco de corte diamantado grande<\/strong> DT 602 A Supra ofrece una agresividad superior a la media y una larga vida \u00fatil. Al cortar materiales abrasivos como <strong>asfalto<\/strong> y <strong>piedra arenisca<\/strong>, las herramientas de corte sufren normalmente un elevado desgaste. Klingspor ofrece el <strong>disco de corte diamantado grande<\/strong> DT 602 A Supra con una relaci\u00f3n de precio y rendimiento convincente. Cumple todas las normas de seguridad necesarias seg\u00fan EN 13236. Adem\u00e1s, Klingspor se ha comprometido voluntariamente a cumplir las estrictas directivas oSa, para ofrecer el m\u00e1ximo de seguridad en la obra.<\/p>\n<h3>Con la cortadora de juntas o la tronzadora motorizada: calidad a un precio justo<\/h3>\n<p>Klingspor es una de las principales empresas del mundo en el \u00e1mbito de la tecnolog\u00eda de lijado. La fabricaci\u00f3n propia permite ofrecer las herramientas abrasivas de alta calidad a un precio atractivo. La producci\u00f3n y la investigaci\u00f3n se desarrollan exclusivamente en las plantas de producci\u00f3n propias. El <strong>disco de corte diamantado grande<\/strong> DT 602 A Supra est\u00e1 sometido a un control exhaustivo, desde la materia prima hasta el disco de corte terminado. De esta manera, Klingspor asegura de manera duradera una excelente calidad.<\/p>\n","protected":false},"excerpt":{"rendered":"<p>325060 &#8211; 12\u201d=300X2,8MM <\/p>\n<p> 325092 &#8211; 14\u201d=350X3,2MM <\/p>\n<p> 325124 &#8211; 16\u201d=400X3,4MM <\/p>\n<p> 325128 &#8211; 18\u201d=450X3,7MM <\/p>\n<p> 325171 &#8211; 20\u201d=500X3,7MM <\/p>\n<h4>Campos de aplicaci\u00f3n<\/h4>\n<ul>\n<li>Azulejos<\/li>\n<li>Piedra natural<\/li>\n<li>Granito<\/li>\n<li>Clinker<\/li>\n<li>Hormig\u00f3n<\/li>\n<li>Hormig\u00f3n poroso<\/li>\n<li>Tejas<\/li>\n<li>Mamposter\u00eda\/ladrillos<\/li>\n<li>Arenisca calc\u00e1rea<\/li>\n<li>Arcilla refractaria<\/li>\n<li>Ladrillos refractarios<\/li>\n<li>Pavimento<\/li>\n<li>Asfalto<\/li>\n<\/ul>\n","protected":false},"featured_media":537,"comment_status":"open","ping_status":"closed","template":"","meta":[],"product_cat":[77],"product_tag":[101,100,99,86,851],"class_list":{"0":"post-3213","1":"product","2":"type-product","3":"status-publish","4":"has-post-thumbnail","5":"hentry","6":"product_cat-klingpor","7":"product_tag-arenisca","8":"product_tag-asfalto","9":"product_tag-disco-de-corte-diamantado","10":"product_tag-discos-de-corte","11":"product_tag-klingspor","13":"entry","14":"has-media","15":"owp-thumbs-layout-horizontal","16":"owp-btn-normal","17":"owp-tabs-layout-horizontal","18":"has-no-thumbnails"},"_links":{"self":[{"href":"https:\/\/impafesa.com\/index.php\/wp-json\/wp\/v2\/product\/3213","targetHints":{"allow":["GET"]}}],"collection":[{"href":"https:\/\/impafesa.com\/index.php\/wp-json\/wp\/v2\/product"}],"about":[{"href":"https:\/\/impafesa.com\/index.php\/wp-json\/wp\/v2\/types\/product"}],"replies":[{"embeddable":true,"href":"https:\/\/impafesa.com\/index.php\/wp-json\/wp\/v2\/comments?post=3213"}],"wp:featuredmedia":[{"embeddable":true,"href":"https:\/\/impafesa.com\/index.php\/wp-json\/wp\/v2\/media\/537"}],"wp:attachment":[{"href":"https:\/\/impafesa.com\/index.php\/wp-json\/wp\/v2\/media?parent=3213"}],"wp:term":[{"taxonomy":"product_cat","embeddable":true,"href":"https:\/\/impafesa.com\/index.php\/wp-json\/wp\/v2\/product_cat?post=3213"},{"taxonomy":"product_tag","embeddable":true,"href":"https:\/\/impafesa.com\/index.php\/wp-json\/wp\/v2\/product_tag?post=3213"}],"curies":[{"name":"wp","href":"https:\/\/api.w.org\/{rel}","templated":true}]}}