{"id":3219,"date":"2022-11-30T22:19:09","date_gmt":"2022-11-30T22:19:09","guid":{"rendered":"https:\/\/impafesa.com\/?post_type=product&#038;p=3219"},"modified":"2022-11-30T22:19:10","modified_gmt":"2022-11-30T22:19:10","slug":"klingspor-disco-diaman-segment-special-granito-dt900u","status":"publish","type":"product","link":"https:\/\/impafesa.com\/index.php\/product\/klingspor-disco-diaman-segment-special-granito-dt900u\/","title":{"rendered":"KLINGSPOR DISCO DIAMAN. SEGMENT. SPECIAL GRANITO DT900U"},"content":{"rendered":"<h2>El disco de corte diamantado grande DT 900 U Special es apto para el uso universal<\/h2>\n<p>El modelo DT 900 U Special es un disco de corte diamantado grande de alto rendimiento que ofrece la m\u00e1xima calidad en los \u00e1mbitos de la agresividad y la vida \u00fatil. Esta herramienta de alto rendimiento se puede utilizar de manera universal y corta con facilidad diversos <strong>materiales de construcci\u00f3n<\/strong>. Estos son, entre otros,<\/p>\n<ul>\n<li>hormig\u00f3n,<\/li>\n<li>hormig\u00f3n armado antiguo,<\/li>\n<li>arenisca calc\u00e1rea y<\/li>\n<li>granito.<\/li>\n<\/ul>\n<h3>Herramienta de alto rendimiento con la puntuaci\u00f3n m\u00e1xima<\/h3>\n<p>Con una velocidad de giro admisible de 6400 vueltas por minuto con un di\u00e1metro de 300 mm, este disco de corte permite alcanzar una velocidad de corte extremadamente elevada, lo cual garantiza unos cortes perfectamente limpios. De esta manera, corta a la perfecci\u00f3n incluso materiales porosos o blandos. Se utiliza en una <strong>sierra de mesa<\/strong>. Ya sea en el \u00e1mbito de la construcci\u00f3n o la ingenier\u00eda civil, en talleres de taladrado o de aserrado o en la jardiner\u00eda y el paisajismo: el modelo DT 900 U Special ofrece un espectro de aplicaciones extraordinariamente amplio para el uso profesional. Adem\u00e1s, todos los productos de Klingspor cumplen los est\u00e1ndares de seguridad m\u00e1s actuales. En este caso, se trata de los estrictos requisitos de seguridad de oSa y de la norma DIN EN 13236.<\/p>\n<h3>Vers\u00e1til y de utilizaci\u00f3n universal<\/h3>\n<p>El <strong>disco de corte diamantado grande<\/strong> est\u00e1 disponible con un di\u00e1metro de entre 300 y 500 mm. Los discos de corte de Klingspor est\u00e1n dotados de una identificaci\u00f3n claramente visible que incluye informaci\u00f3n importante, como el \u00e1mbito de aplicaci\u00f3n, la l\u00ednea de productos, los valores m\u00e1ximos o las indicaciones para la seguridad. La labor de investigaci\u00f3n y desarrollo ejecutada por Klingspor durante muchos a\u00f1os se aplica en la producci\u00f3n propia de discos de corte diamantados.<\/p>\n<h3>Clase de rendimiento Special para el uso profesional<\/h3>\n<p>El <strong>disco de corte diamantado grande<\/strong> DT 900 U ha sido desarrollado especialmente para el uso profesional en la f\u00e1brica o la obra. La clase de rendimiento Special corresponde a unos excelentes rendimientos de corte y una larga vida \u00fatil. El dentado est\u00e1ndar del disco de corte asegura una buena velocidad de avance y un excelente comportamiento de corte. El disco de corte cumple las m\u00e1ximas exigencias, incluso en las condiciones m\u00e1s duras. Potentes y fiables: as\u00ed son los discos de corte de Klingspor.<\/p>\n","protected":false},"excerpt":{"rendered":"<p>325085 &#8211; 14 X 7\/8\u201d DT900U <\/p>\n<h4>Campos de aplicaci\u00f3n<\/h4>\n<ul>\n<li>Azulejos<\/li>\n<li>Piedra natural<\/li>\n<li>Granito<\/li>\n<li>Clinker<\/li>\n<li>Hormig\u00f3n<\/li>\n<li>Hormig\u00f3n poroso<\/li>\n<li>Tejas<\/li>\n<li>Mamposter\u00eda\/ladrillos<\/li>\n<li>Arenisca calc\u00e1rea<\/li>\n<li>Arcilla refractaria<\/li>\n<li>Ladrillos refractarios<\/li>\n<li>Pavimento<\/li>\n<li>Asfalto<\/li>\n<\/ul>\n","protected":false},"featured_media":540,"comment_status":"open","ping_status":"closed","template":"","meta":[],"product_cat":[77],"product_tag":[101,99,102,85,851],"class_list":{"0":"post-3219","1":"product","2":"type-product","3":"status-publish","4":"has-post-thumbnail","5":"hentry","6":"product_cat-klingpor","7":"product_tag-arenisca","8":"product_tag-disco-de-corte-diamantado","9":"product_tag-granito","10":"product_tag-hormigon","11":"product_tag-klingspor","13":"entry","14":"has-media","15":"owp-thumbs-layout-horizontal","16":"owp-btn-normal","17":"owp-tabs-layout-horizontal","18":"has-no-thumbnails"},"_links":{"self":[{"href":"https:\/\/impafesa.com\/index.php\/wp-json\/wp\/v2\/product\/3219","targetHints":{"allow":["GET"]}}],"collection":[{"href":"https:\/\/impafesa.com\/index.php\/wp-json\/wp\/v2\/product"}],"about":[{"href":"https:\/\/impafesa.com\/index.php\/wp-json\/wp\/v2\/types\/product"}],"replies":[{"embeddable":true,"href":"https:\/\/impafesa.com\/index.php\/wp-json\/wp\/v2\/comments?post=3219"}],"wp:featuredmedia":[{"embeddable":true,"href":"https:\/\/impafesa.com\/index.php\/wp-json\/wp\/v2\/media\/540"}],"wp:attachment":[{"href":"https:\/\/impafesa.com\/index.php\/wp-json\/wp\/v2\/media?parent=3219"}],"wp:term":[{"taxonomy":"product_cat","embeddable":true,"href":"https:\/\/impafesa.com\/index.php\/wp-json\/wp\/v2\/product_cat?post=3219"},{"taxonomy":"product_tag","embeddable":true,"href":"https:\/\/impafesa.com\/index.php\/wp-json\/wp\/v2\/product_tag?post=3219"}],"curies":[{"name":"wp","href":"https:\/\/api.w.org\/{rel}","templated":true}]}}