{"id":3220,"date":"2022-11-30T22:19:09","date_gmt":"2022-11-30T22:19:09","guid":{"rendered":"https:\/\/impafesa.com\/?post_type=product&#038;p=3220"},"modified":"2022-11-30T22:19:11","modified_gmt":"2022-11-30T22:19:11","slug":"klingspor-disco-diaman-segment-supra-hormigon-curado-armado-dt602b","status":"publish","type":"product","link":"https:\/\/impafesa.com\/index.php\/product\/klingspor-disco-diaman-segment-supra-hormigon-curado-armado-dt602b\/","title":{"rendered":"KLINGSPOR DISCO DIAMAN. SEGMENT. SUPRA HORMIGON CURADO, ARMADO DT602B"},"content":{"rendered":"<h2>Disco de corte diamantado grande DT 602 B Supra \u2013 ideal para cortar hormig\u00f3n antiguo<\/h2>\n<p>En trabajos de demolici\u00f3n y en el saneamiento de hormig\u00f3n, el <strong>disco de corte diamantado grande<\/strong> DT 602 B Supra de Klingspor proporciona unos resultados \u00f3ptimos. El disco de corte de la l\u00ednea de productos Supra es particularmente apropiado para hormig\u00f3n con armadura media y convence por su<\/p>\n<ul>\n<li>buen comportamiento de corte,<\/li>\n<li>alta velocidad de corte y<\/li>\n<li>buena agresividad.<\/li>\n<\/ul>\n<p>El <strong>disco de corte diamantado grande<\/strong> corta <strong>hormig\u00f3n antiguo<\/strong> con y sin armadura con precisi\u00f3n y una alta velocidad de avance. Por este motivo es id\u00f3neo para trabajos de demolici\u00f3n y desmantelamiento, as\u00ed como para el uso en el saneamiento de hormig\u00f3n o la ejecuci\u00f3n de perforaciones y aberturas en elementos de hormig\u00f3n.<\/p>\n<h3>Herramienta diamantada con caracter\u00edsticas \u00f3ptimas<\/h3>\n<p>Gracias al <strong>dentado corto<\/strong>, el <strong>disco de corte diamantado grande<\/strong> DT 602 B Supra, que se puede utilizar tambi\u00e9n en la <strong>cortadora de juntas el\u00e9ctrica<\/strong>, consigue unas caracter\u00edsticas de trabajo \u00f3ptimas, tales como un buen poder de corte y unos cantos de corte limpios. La l\u00ednea de productos Supra ofrece al usuario unas herramientas diamantadas profesionales con una excelente relaci\u00f3n de precio y rendimiento. El disco de corte es ideal para el uso diario; en este \u00e1mbito, la fiabilidad y el alto rendimiento son caracter\u00edsticas imprescindibles. Si se respetan las velocidades de trabajo recomendadas para los distintos di\u00e1metros, el disco de corte convence, adem\u00e1s, por una larga vida \u00fatil, con lo cual proporciona la rentabilidad necesaria en el uso. Todos los datos relevantes para el uso correcto del <strong>disco de corte diamantado grande<\/strong> DT 602 B Supra figuran directamente en la herramienta.<\/p>\n<h3>Trabajo seguro con los discos de corte diamantados de Klingspor<\/h3>\n<p>Todas las herramientas del surtido de Klingspor cumplen las m\u00e1ximas exigencias hacia la calidad y la seguridad. Los productos corresponden a las especificaciones de la norma DIN EN 13236 y las estrictas directivas de seguridad de oSa; la asociaci\u00f3n voluntaria de fabricantes de herramientas abrasivas obliga al cumplimiento de unas prescripciones estrictas en el \u00e1mbito de la comprobaci\u00f3n y la fabricaci\u00f3n. Los miembros obtienen la marca oSa, protegida a nivel mundial. La certificaci\u00f3n ofrece a los usuarios una mayor seguridad en el uso. A trav\u00e9s de su continua labor de investigaci\u00f3n y desarrollo, la empresa Klingspor consigue aumentar constantemente el rendimiento de sus herramientas. Adem\u00e1s, la fabricaci\u00f3n propia garantiza la combinaci\u00f3n perfecta del n\u00facleo y los segmentos de las herramientas diamantadas para alcanzar en todo momento el m\u00e1ximo rendimiento.<\/p>\n","protected":false},"excerpt":{"rendered":"<p>325085 &#8211; 14 X 7\/8\u201d DT900U325056 &#8211; 12\u201d=300X2,8MM <\/p>\n<p> 325088 &#8211; 14\u201d=350X3,2MM <\/p>\n<p> 325120 &#8211; 16\u201d=400X3,4MM <\/p>\n<p> 325136 &#8211; 18\u201d=450X3,7MM <\/p>\n<p> 325167 &#8211; 20\u201d=500X3,7MM <\/p>\n<h4>Campos de aplicaci\u00f3n<\/h4>\n<ul>\n<li>Azulejos<\/li>\n<li>Piedra natural<\/li>\n<li>Granito<\/li>\n<li>Clinker<\/li>\n<li>Hormig\u00f3n<\/li>\n<li>Hormig\u00f3n poroso<\/li>\n<li>Tejas<\/li>\n<li>Mamposter\u00eda\/ladrillos<\/li>\n<li>Arenisca calc\u00e1rea<\/li>\n<li>Arcilla refractaria<\/li>\n<li>Ladrillos refractarios<\/li>\n<li>Pavimento<\/li>\n<li>Asfalto<\/li>\n<\/ul>\n","protected":false},"featured_media":542,"comment_status":"open","ping_status":"closed","template":"","meta":[],"product_cat":[77],"product_tag":[99,86,85,851],"class_list":{"0":"post-3220","1":"product","2":"type-product","3":"status-publish","4":"has-post-thumbnail","5":"hentry","6":"product_cat-klingpor","7":"product_tag-disco-de-corte-diamantado","8":"product_tag-discos-de-corte","9":"product_tag-hormigon","10":"product_tag-klingspor","12":"entry","13":"has-media","14":"owp-thumbs-layout-horizontal","15":"owp-btn-normal","16":"owp-tabs-layout-horizontal","17":"has-no-thumbnails"},"_links":{"self":[{"href":"https:\/\/impafesa.com\/index.php\/wp-json\/wp\/v2\/product\/3220","targetHints":{"allow":["GET"]}}],"collection":[{"href":"https:\/\/impafesa.com\/index.php\/wp-json\/wp\/v2\/product"}],"about":[{"href":"https:\/\/impafesa.com\/index.php\/wp-json\/wp\/v2\/types\/product"}],"replies":[{"embeddable":true,"href":"https:\/\/impafesa.com\/index.php\/wp-json\/wp\/v2\/comments?post=3220"}],"wp:featuredmedia":[{"embeddable":true,"href":"https:\/\/impafesa.com\/index.php\/wp-json\/wp\/v2\/media\/542"}],"wp:attachment":[{"href":"https:\/\/impafesa.com\/index.php\/wp-json\/wp\/v2\/media?parent=3220"}],"wp:term":[{"taxonomy":"product_cat","embeddable":true,"href":"https:\/\/impafesa.com\/index.php\/wp-json\/wp\/v2\/product_cat?post=3220"},{"taxonomy":"product_tag","embeddable":true,"href":"https:\/\/impafesa.com\/index.php\/wp-json\/wp\/v2\/product_tag?post=3220"}],"curies":[{"name":"wp","href":"https:\/\/api.w.org\/{rel}","templated":true}]}}