{"id":3226,"date":"2022-11-30T22:19:09","date_gmt":"2022-11-30T22:19:09","guid":{"rendered":"https:\/\/impafesa.com\/?post_type=product&#038;p=3226"},"modified":"2022-11-30T22:19:11","modified_gmt":"2022-11-30T22:19:11","slug":"klingspor-disco-diaman-segment-special-hormigon-curado-armado-dt902b","status":"publish","type":"product","link":"https:\/\/impafesa.com\/index.php\/product\/klingspor-disco-diaman-segment-special-hormigon-curado-armado-dt902b\/","title":{"rendered":"KLINGSPOR DISCO DIAMAN. SEGMENT. SPECIAL HORMIGON CURADO, ARMADO DT902B"},"content":{"rendered":"<h2>El disco de corte diamantado grande DT 902 B Special de Klingspor: id\u00f3neo incluso para hormig\u00f3n con armadura fuerte<\/h2>\n<p>Con el <strong>disco de corte diamantado grande<\/strong> DT 902 B Special para la <strong>cortadora de juntas<\/strong>, la empresa Klingspor ofrece una excelente herramienta para el mecanizado de<\/p>\n<ul>\n<li><strong>hormig\u00f3n antiguo<\/strong> y<\/li>\n<li><strong>hormig\u00f3n armado antiguo<\/strong>.<\/li>\n<\/ul>\n<p>Este disco de corte presta un buen servicio incluso en hormig\u00f3n dotado de una armadura m\u00e1s fuerte. Est\u00e1 disponible en diferentes di\u00e1metros para las <strong>cortadoras de juntas<\/strong> de distintos tama\u00f1os.<\/p>\n<h3>Para un trabajo r\u00e1pido: dentado amplio y elevada agresividad<\/h3>\n<p>El <strong>disco de corte diamantado grande<\/strong> DT 902 B Special de Klingspor posee un <strong>dentado amplio<\/strong>. Este tipo de dentado permite alcanzar una velocidad de avance elevada y la consiguiente velocidad de corte elevada. Por este motivo, con este disco de corte se pueden realizar en poco tiempo incluso juntas largas en <strong>hormig\u00f3n antiguo<\/strong>. El modelo DT 902 B Special para la <strong>cortadora de juntas<\/strong> se distingue, adem\u00e1s, por su agresividad muy elevada y su comportamiento de corte especialmente bueno. Otra caracter\u00edstica importante es su larga vida \u00fatil que ejerce una influencia determinante en el coste total de las herramientas en una empresa.<\/p>\n<h3>Las herramientas de la clase de rendimiento Special: para aplicaciones especialmente duras y para el uso continuo<\/h3>\n<p>Con su asignaci\u00f3n a la clase de rendimiento Special, que corresponde a la l\u00ednea de productos 900 de Klingspor, el <strong>disco de corte diamantado grande<\/strong> DT 902 B Special es una herramienta de alto rendimiento. Es apropiado para las tareas m\u00e1s duras y consigue un excelente rendimiento de corte incluso en <strong>hormig\u00f3n armado antiguo<\/strong>. La clase de rendimiento Special es la categor\u00eda m\u00e1s alta de Klingspor. Le sigue la clase Supra, con herramientas que son apropiadas tambi\u00e9n para el uso diario, y las herramientas de la clase de rendimiento Extra, desarrolladas para el uso temporal. El cumplimiento de la norma de seguridad europea y la comprobaci\u00f3n seg\u00fan las directivas oSa garantizan la necesaria seguridad. Las siglas oSa corresponden a la Organizaci\u00f3n para la seguridad de herramientas abrasivas, una asociaci\u00f3n fundada por renombrados fabricantes europeos de productos y herramientas abrasivos. Tambi\u00e9n el <strong>disco de corte diamantado grande<\/strong> DT 902 B Special de Klingspor puede llevar su sello de calidad.<\/p>\n","protected":false},"excerpt":{"rendered":"<p>325058 &#8211; 12\u201d=300X2,8MM <\/p>\n<p> 325090 &#8211; 14\u201d=350X3,2MM <\/p>\n<p> 325122 &#8211; 16\u201d=400X3,4MM <\/p>\n<p> 325138 &#8211; 18\u201d=450X3,7MM <\/p>\n<p> 325169 &#8211; 20\u201d=500X3,7MM <\/p>\n<h4>Campos de aplicaci\u00f3n<\/h4>\n<ul>\n<li>Azulejos<\/li>\n<li>Piedra natural<\/li>\n<li>Granito<\/li>\n<li>Clinker<\/li>\n<li>Hormig\u00f3n<\/li>\n<li>Hormig\u00f3n poroso<\/li>\n<li>Tejas<\/li>\n<li>Mamposter\u00eda\/ladrillos<\/li>\n<li>Arenisca calc\u00e1rea<\/li>\n<li>Arcilla refractaria<\/li>\n<li>Ladrillos refractarios<\/li>\n<li>Pavimento<\/li>\n<li>Asfalto<\/li>\n<\/ul>\n","protected":false},"featured_media":550,"comment_status":"open","ping_status":"closed","template":"","meta":[],"product_cat":[77],"product_tag":[99,86,85,851],"class_list":{"0":"post-3226","1":"product","2":"type-product","3":"status-publish","4":"has-post-thumbnail","5":"hentry","6":"product_cat-klingpor","7":"product_tag-disco-de-corte-diamantado","8":"product_tag-discos-de-corte","9":"product_tag-hormigon","10":"product_tag-klingspor","12":"entry","13":"has-media","14":"owp-thumbs-layout-horizontal","15":"owp-btn-normal","16":"owp-tabs-layout-horizontal","17":"has-no-thumbnails"},"_links":{"self":[{"href":"https:\/\/impafesa.com\/index.php\/wp-json\/wp\/v2\/product\/3226","targetHints":{"allow":["GET"]}}],"collection":[{"href":"https:\/\/impafesa.com\/index.php\/wp-json\/wp\/v2\/product"}],"about":[{"href":"https:\/\/impafesa.com\/index.php\/wp-json\/wp\/v2\/types\/product"}],"replies":[{"embeddable":true,"href":"https:\/\/impafesa.com\/index.php\/wp-json\/wp\/v2\/comments?post=3226"}],"wp:featuredmedia":[{"embeddable":true,"href":"https:\/\/impafesa.com\/index.php\/wp-json\/wp\/v2\/media\/550"}],"wp:attachment":[{"href":"https:\/\/impafesa.com\/index.php\/wp-json\/wp\/v2\/media?parent=3226"}],"wp:term":[{"taxonomy":"product_cat","embeddable":true,"href":"https:\/\/impafesa.com\/index.php\/wp-json\/wp\/v2\/product_cat?post=3226"},{"taxonomy":"product_tag","embeddable":true,"href":"https:\/\/impafesa.com\/index.php\/wp-json\/wp\/v2\/product_tag?post=3226"}],"curies":[{"name":"wp","href":"https:\/\/api.w.org\/{rel}","templated":true}]}}