{"id":3232,"date":"2022-11-30T22:19:09","date_gmt":"2022-11-30T22:19:09","guid":{"rendered":"https:\/\/impafesa.com\/?post_type=product&#038;p=3232"},"modified":"2022-11-30T22:19:14","modified_gmt":"2022-11-30T22:19:14","slug":"klingspor-disco-diamantado-continuo-extra","status":"publish","type":"product","link":"https:\/\/impafesa.com\/index.php\/product\/klingspor-disco-diamantado-continuo-extra\/","title":{"rendered":"KLINGSPOR DISCO DIAMANTADO CONTINUO EXTRA"},"content":{"rendered":"<h2>Disco de corte diamantado DT 300 F Extra<\/h2>\n<p>Este <strong>disco de corte diamantado<\/strong> de alta calidad es apropiado para todos los usuarios que prestan importancia a tener herramientas profesionales, pero no las utilizan a diario. El <strong>borde continuo<\/strong> del disco permite el trabajo preciso. De esta manera, cualquier usuario puede producir <strong>cantos limpios y sin roturas<\/strong>. El disco de corte est\u00e1 optimizado para el mecanizado de<\/p>\n<ul>\n<li><strong>baldosas<\/strong> y<\/li>\n<li><strong>azulejos<\/strong>. Con su agresividad media y su vida \u00fatil, el <strong>disco de corte diamantado<\/strong> DT 300 F Extra es un disco de calidad atractivo para el uso ocasional.<\/li>\n<\/ul>\n<h3>Las ventajas del disco de corte diamantado DT 300 F Extra<\/h3>\n<p>La labor continua de investigaci\u00f3n, desarrollo y ensayo permite optimizar continuamente las herramientas diamantadas Klingspor. Como resultado se consiguen <strong>cantos limpios y sin roturas<\/strong> al cortar. Esto representa un criterio decisivo, especialmente al mecanizar <strong>baldosas y azulejos<\/strong>. La empresa Klingspor forma parte de la organizaci\u00f3n oSa. Se trata de una asociaci\u00f3n de empresas fabricantes de herramientas de lijado y de corte. Esta ha desarrollado unas directivas para productos y ensayos que superan las normas de seguridad europeas. Adem\u00e1s, los discos cumplen la norma EN 13236. De esta manera, al comprar el <strong>disco de corte diamantado<\/strong> DT 300 F Extra, el usuario puede confiar en obtener un producto absolutamente seguro si se utiliza correctamente.<\/p>\n<h3>El uso correcto del disco de corte diamantado DT 300 F Extra<\/h3>\n<p>El <strong>disco de corte diamantado<\/strong> est\u00e1 previsto para cortar <strong>baldosas y azulejos<\/strong>. No se debe utilizar para la rectificaci\u00f3n plana. Antes de sujetar el disco de corte es absolutamente necesario examinarlo para detectar eventuales defectos; solo se permite utilizar discos en perfecto estado. Asimismo, al sujetar el disco se debe prestar atenci\u00f3n a la flecha que figura en la misma e indica su direcci\u00f3n de marcha. El disco de corte se debe poder sujetar sin aplicar mucha fuerza. En todo caso se debe utilizar la protecci\u00f3n de la amoladora angular. Antes de iniciar el trabajo propiamente dicho, el disco de corte deber\u00eda moverse unos 30 segundos en marcha en vac\u00edo para determinar si est\u00e1 sujetado correctamente.<\/p>\n","protected":false},"excerpt":{"rendered":"<p>325357 &#8211; 4.1\/2\u201d X 7\/8\u201d DT300F <\/p>\n<p> 325359 &#8211; 7\u201d X 7\/8\u201d DT300F <\/p>\n<p> 325360 &#8211; 9\u201d X 7\/8\u201d DT300F <\/p>\n<h4>Campos de aplicaci\u00f3n<\/h4>\n<ul>\n<li>Azulejos<\/li>\n<li>Piedra natural<\/li>\n<li>Granito<\/li>\n<li>Clinker<\/li>\n<li>Hormig\u00f3n<\/li>\n<li>Hormig\u00f3n poroso<\/li>\n<li>Tejas<\/li>\n<li>Mamposter\u00eda\/ladrillos<\/li>\n<li>Arenisca calc\u00e1rea<\/li>\n<li>Arcilla refractaria<\/li>\n<li>Ladrillos refractarios<\/li>\n<li>Pavimento<\/li>\n<li>Asfalto<\/li>\n<\/ul>\n","protected":false},"featured_media":557,"comment_status":"open","ping_status":"closed","template":"","meta":[],"product_cat":[77],"product_tag":[103,105,104,99,851],"class_list":{"0":"post-3232","1":"product","2":"type-product","3":"status-publish","4":"has-post-thumbnail","5":"hentry","6":"product_cat-klingpor","7":"product_tag-amoladoras-angulares","8":"product_tag-azulejos","9":"product_tag-baldosas","10":"product_tag-disco-de-corte-diamantado","11":"product_tag-klingspor","13":"entry","14":"has-media","15":"owp-thumbs-layout-horizontal","16":"owp-btn-normal","17":"owp-tabs-layout-horizontal","18":"has-no-thumbnails"},"_links":{"self":[{"href":"https:\/\/impafesa.com\/index.php\/wp-json\/wp\/v2\/product\/3232","targetHints":{"allow":["GET"]}}],"collection":[{"href":"https:\/\/impafesa.com\/index.php\/wp-json\/wp\/v2\/product"}],"about":[{"href":"https:\/\/impafesa.com\/index.php\/wp-json\/wp\/v2\/types\/product"}],"replies":[{"embeddable":true,"href":"https:\/\/impafesa.com\/index.php\/wp-json\/wp\/v2\/comments?post=3232"}],"wp:featuredmedia":[{"embeddable":true,"href":"https:\/\/impafesa.com\/index.php\/wp-json\/wp\/v2\/media\/557"}],"wp:attachment":[{"href":"https:\/\/impafesa.com\/index.php\/wp-json\/wp\/v2\/media?parent=3232"}],"wp:term":[{"taxonomy":"product_cat","embeddable":true,"href":"https:\/\/impafesa.com\/index.php\/wp-json\/wp\/v2\/product_cat?post=3232"},{"taxonomy":"product_tag","embeddable":true,"href":"https:\/\/impafesa.com\/index.php\/wp-json\/wp\/v2\/product_tag?post=3232"}],"curies":[{"name":"wp","href":"https:\/\/api.w.org\/{rel}","templated":true}]}}