{"id":3236,"date":"2022-11-30T22:19:12","date_gmt":"2022-11-30T22:19:12","guid":{"rendered":"https:\/\/impafesa.com\/?post_type=product&#038;p=3236"},"modified":"2022-11-30T22:19:14","modified_gmt":"2022-11-30T22:19:14","slug":"klingspor-disco-diamantado-turbo-ext","status":"publish","type":"product","link":"https:\/\/impafesa.com\/index.php\/product\/klingspor-disco-diamantado-turbo-ext\/","title":{"rendered":"KLINGSPOR DISCO DIAMANTADO TURBO EXT"},"content":{"rendered":"<h2>Disco de corte diamantado DT 300 UT Extra<\/h2>\n<p>Utilizable de forma universal, el <strong>disco de corte diamantado<\/strong> DT 300 UT Extra de Klingspor ofrece numerosas ventajas y representa el producto todo-terreno ideal para el <strong>techador<\/strong>. Al utilizar esta herramienta, los usuarios se benefician de<\/p>\n<ul>\n<li>un buen rendimiento de corte,<\/li>\n<li>cantos de corte limpios y sin roturas y<\/li>\n<li>una buena relaci\u00f3n de precio y rendimiento.<\/li>\n<\/ul>\n<p>El <strong>dentado turbo<\/strong> del disco de corte diamantado, en el cual el borde est\u00e1 ejecutado de manera <strong>cerrada<\/strong>, asegura una gran estabilidad de marcha y permite as\u00ed el mecanizado preciso y limpio de materiales minerales.<\/p>\n<h3>Ideal para la obra<\/h3>\n<p>El <strong>disco de corte diamantado<\/strong> DT 300 UT Extra es la herramienta ideal para la obra y corta <strong>materiales de construcci\u00f3n<\/strong> de toda clase, hormig\u00f3n y tejas. Adem\u00e1s, se ofrece para el uso en el \u00e1mbito del bricolaje, as\u00ed como para todos los usuarios que plantean exigencias profesionales hacia su herramienta. En el uso, el disco de corte de la l\u00ednea 300 Extra de Klingspor convence por su agresividad media con buenos tiempos de mecanizado y una vida \u00fatil satisfactoria. El <strong>disco de corte diamantado<\/strong> est\u00e1 previsto para el uso con la amoladora angular y disponible en diferentes di\u00e1metros; seg\u00fan el di\u00e1metro se debe observar la velocidad de giro m\u00e1xima admisible. Los campos de aplicaci\u00f3n, as\u00ed como las indicaciones de seguridad, la velocidad de trabajo m\u00e1xima, los est\u00e1ndares de seguridad, la velocidad de giro m\u00e1xima admisible y el tipo de l\u00ednea de producto, as\u00ed como otra informaci\u00f3n \u00fatil, se encuentran en la identificaci\u00f3n del producto que figura directamente en el disco de corte.<\/p>\n<h3>Seguridad comprobada de Klingspor<\/h3>\n<p>Las herramientas diamantadas de Klingspor son desarrolladas y perfeccionadas continuamente. Gracias a la fabricaci\u00f3n propia, el n\u00facleo y los segmentos est\u00e1n perfectamente adaptados entre ellos, por lo cual ofrecen el rendimiento m\u00e1ximo para cada aplicaci\u00f3n. Todos los discos de corte de Klingspor est\u00e1n comprobados seg\u00fan los estrictos criterios de oSa y ofrecen al usuario una alta seguridad en el uso. Adicionalmente cumplen las especificaciones de la norma EN 13236.<\/p>\n","protected":false},"excerpt":{"rendered":"<p>325353 &#8211; 4.1\/2\u201d X 7\/8\u201d DT300UT <\/p>\n<p> 325355 &#8211; 7\u201d X 7\/8\u201d DT300UT <\/p>\n<p> 325356 &#8211; 9\u201d X 7\/8\u201d DT300UT <\/p>\n<h4>Campos de aplicaci\u00f3n<\/h4>\n<ul>\n<li>Azulejos<\/li>\n<li>Piedra natural<\/li>\n<li>Granito<\/li>\n<li>Clinker<\/li>\n<li>Hormig\u00f3n<\/li>\n<li>Hormig\u00f3n poroso<\/li>\n<li>Tejas<\/li>\n<li>Mamposter\u00eda\/ladrillos<\/li>\n<li>Arenisca calc\u00e1rea<\/li>\n<li>Arcilla refractaria<\/li>\n<li>Ladrillos refractarios<\/li>\n<li>Pavimento<\/li>\n<li>Asfalto<\/li>\n<\/ul>\n","protected":false},"featured_media":563,"comment_status":"open","ping_status":"closed","template":"","meta":[],"product_cat":[77],"product_tag":[103,99,85,851],"class_list":{"0":"post-3236","1":"product","2":"type-product","3":"status-publish","4":"has-post-thumbnail","5":"hentry","6":"product_cat-klingpor","7":"product_tag-amoladoras-angulares","8":"product_tag-disco-de-corte-diamantado","9":"product_tag-hormigon","10":"product_tag-klingspor","12":"entry","13":"has-media","14":"owp-thumbs-layout-horizontal","15":"owp-btn-normal","16":"owp-tabs-layout-horizontal","17":"has-no-thumbnails"},"_links":{"self":[{"href":"https:\/\/impafesa.com\/index.php\/wp-json\/wp\/v2\/product\/3236","targetHints":{"allow":["GET"]}}],"collection":[{"href":"https:\/\/impafesa.com\/index.php\/wp-json\/wp\/v2\/product"}],"about":[{"href":"https:\/\/impafesa.com\/index.php\/wp-json\/wp\/v2\/types\/product"}],"replies":[{"embeddable":true,"href":"https:\/\/impafesa.com\/index.php\/wp-json\/wp\/v2\/comments?post=3236"}],"wp:featuredmedia":[{"embeddable":true,"href":"https:\/\/impafesa.com\/index.php\/wp-json\/wp\/v2\/media\/563"}],"wp:attachment":[{"href":"https:\/\/impafesa.com\/index.php\/wp-json\/wp\/v2\/media?parent=3236"}],"wp:term":[{"taxonomy":"product_cat","embeddable":true,"href":"https:\/\/impafesa.com\/index.php\/wp-json\/wp\/v2\/product_cat?post=3236"},{"taxonomy":"product_tag","embeddable":true,"href":"https:\/\/impafesa.com\/index.php\/wp-json\/wp\/v2\/product_tag?post=3236"}],"curies":[{"name":"wp","href":"https:\/\/api.w.org\/{rel}","templated":true}]}}