{"id":3240,"date":"2022-11-30T22:19:12","date_gmt":"2022-11-30T22:19:12","guid":{"rendered":"https:\/\/impafesa.com\/?post_type=product&#038;p=3240"},"modified":"2022-11-30T22:19:14","modified_gmt":"2022-11-30T22:19:14","slug":"klingspor-disco-diamantado-segmentado","status":"publish","type":"product","link":"https:\/\/impafesa.com\/index.php\/product\/klingspor-disco-diamantado-segmentado\/","title":{"rendered":"KLINGSPOR DISCO DIAMANTADO SEGMENTADO"},"content":{"rendered":"<h2>El disco de corte diamantado DT 300 U Extra de Klingspor<\/h2>\n<p>El <strong>disco de corte diamantado<\/strong> DT 300 U Extra es un producto de calidad vers\u00e1til y ofrece un rendimiento de corte \u00f3ptimo para los materiales de construcci\u00f3n m\u00e1s diversos. Estos son, entre otros,<\/p>\n<ul>\n<li>hormig\u00f3n,<\/li>\n<li>piedra,<\/li>\n<li>tejas y<\/li>\n<li>piedra natural.<\/li>\n<\/ul>\n<p>Gracias a sus m\u00faltiples \u00e1mbitos de aplicaci\u00f3n, el disco de corte es apropiado, entre otros, para la construcci\u00f3n e ingenier\u00eda civil, as\u00ed como para la construcci\u00f3n de carreteras. Pero este producto de Klingspor tambi\u00e9n es id\u00f3neo para los \u00e1mbitos de <strong>jardiner\u00eda y paisajismo, obras p\u00fablicas<\/strong> y otras empresas de artesanos profesionales.<\/p>\n<h3>Calidad Klingspor de alto rendimiento para profesionales y aficionados<\/h3>\n<p>El disco de corte DT 300 U pertenece a la clase de rendimiento Extra. Esto significa que cumple las altas exigencias profesionales, ofreciendo a la vez una relaci\u00f3n de precio y rendimiento insuperable. Adem\u00e1s de los profesionales, tambi\u00e9n los aficionados disfrutar\u00e1n del producto, ya que garantiza una calidad constante aunque el disco no se encuentre en el uso continuo.<\/p>\n<h3>Buen rendimiento de corte gracias al dentado est\u00e1ndar<\/h3>\n<p>El <strong>dentado est\u00e1ndar<\/strong> de Klingspor ha demostrado su val\u00eda en los <strong>discos de corte diamantados<\/strong>. La disposici\u00f3n de los segmentos garantiza una buena velocidad de avance y un comportamiento de corte \u00f3ptimo, junto con una larga vida \u00fatil. Esto resulta especialmente rentable en el mecanizado de los diferentes <strong>materiales de construcci\u00f3n<\/strong>, pero tambi\u00e9n de otros materiales minerales, tales como piedra natural, granito o pizarra. El n\u00facleo est\u00e1 perfectamente adaptado a los segmentos del disco de corte; de esta manera queda garantizado el rendimiento m\u00e1ximo a lo largo de toda la vida \u00fatil.<\/p>\n<h3>M\u00e1xima seguridad gracias a la calidad comprobada<\/h3>\n<p>Todos los productos de Klingspor corresponden a los est\u00e1ndares de seguridad y de calidad m\u00e1s actuales. La larga labor de investigaci\u00f3n y desarrollo de la empresa ha ayudado a Klingspor a alcanzar un claro aumento del rendimiento con sus herramientas diamantadas. Los aficionados y los profesionales por igual apuestan por la alta calidad de las herramientas de la marca Klingspor.<\/p>\n","protected":false},"excerpt":{"rendered":"<p>325345 &#8211; 4.1\/2\u201d X 7\/8\u201d DT300U <\/p>\n<p> 325347 &#8211; 7\u201d X 7\/8\u201d DT300U <\/p>\n<p> 325348 &#8211; 9&#8243; X 7\/8&#8243; DT300U <\/p>\n<h4>Campos de aplicaci\u00f3n<\/h4>\n<ul>\n<li>Azulejos<\/li>\n<li>Piedra natural<\/li>\n<li>Granito<\/li>\n<li>Clinker<\/li>\n<li>Hormig\u00f3n<\/li>\n<li>Hormig\u00f3n poroso<\/li>\n<li>Tejas<\/li>\n<li>Mamposter\u00eda\/ladrillos<\/li>\n<li>Arenisca calc\u00e1rea<\/li>\n<li>Arcilla refractaria<\/li>\n<li>Ladrillos refractarios<\/li>\n<li>Pavimento<\/li>\n<li>Asfalto<\/li>\n<\/ul>\n","protected":false},"featured_media":572,"comment_status":"open","ping_status":"closed","template":"","meta":[],"product_cat":[77],"product_tag":[103,99,85,851],"class_list":{"0":"post-3240","1":"product","2":"type-product","3":"status-publish","4":"has-post-thumbnail","5":"hentry","6":"product_cat-klingpor","7":"product_tag-amoladoras-angulares","8":"product_tag-disco-de-corte-diamantado","9":"product_tag-hormigon","10":"product_tag-klingspor","12":"entry","13":"has-media","14":"owp-thumbs-layout-horizontal","15":"owp-btn-normal","16":"owp-tabs-layout-horizontal","17":"has-no-thumbnails"},"_links":{"self":[{"href":"https:\/\/impafesa.com\/index.php\/wp-json\/wp\/v2\/product\/3240","targetHints":{"allow":["GET"]}}],"collection":[{"href":"https:\/\/impafesa.com\/index.php\/wp-json\/wp\/v2\/product"}],"about":[{"href":"https:\/\/impafesa.com\/index.php\/wp-json\/wp\/v2\/types\/product"}],"replies":[{"embeddable":true,"href":"https:\/\/impafesa.com\/index.php\/wp-json\/wp\/v2\/comments?post=3240"}],"wp:featuredmedia":[{"embeddable":true,"href":"https:\/\/impafesa.com\/index.php\/wp-json\/wp\/v2\/media\/572"}],"wp:attachment":[{"href":"https:\/\/impafesa.com\/index.php\/wp-json\/wp\/v2\/media?parent=3240"}],"wp:term":[{"taxonomy":"product_cat","embeddable":true,"href":"https:\/\/impafesa.com\/index.php\/wp-json\/wp\/v2\/product_cat?post=3240"},{"taxonomy":"product_tag","embeddable":true,"href":"https:\/\/impafesa.com\/index.php\/wp-json\/wp\/v2\/product_tag?post=3240"}],"curies":[{"name":"wp","href":"https:\/\/api.w.org\/{rel}","templated":true}]}}