{"id":3251,"date":"2022-11-30T22:19:12","date_gmt":"2022-11-30T22:19:12","guid":{"rendered":"https:\/\/impafesa.com\/?post_type=product&#038;p=3251"},"modified":"2022-11-30T22:19:14","modified_gmt":"2022-11-30T22:19:14","slug":"klingspor-plato-soporte","status":"publish","type":"product","link":"https:\/\/impafesa.com\/index.php\/product\/klingspor-plato-soporte\/","title":{"rendered":"KLINGSPOR PLATO SOPORTE"},"content":{"rendered":"<h2>Accesorios \u2013 plato de soporte ST 358 semiduro para el acabado fino y la eliminaci\u00f3n de \u00f3xido<\/h2>\n<p>Para el lijado con un alto poder de remoci\u00f3n es imprescindible disponer de unos productos abrasivos muy robustos y resistentes. Por este motivo se utilizan, sobre todo, discos de fibra; es decir, discos abrasivos con un soporte de fibra vulcanizada. Para el acabado fino y el lijado de superficies es m\u00e1s apropiado un plato de soporte adaptable, como el modelo Klingspor ST 358.<\/p>\n<h3>Para el acabado fino en el cual se necesita un plato de \u2013 apoyo adaptable<\/h3>\n<p>A diferencia del <strong>plato de soporte<\/strong> duro ST 358 A acanalado, el <strong>plato de soporte<\/strong> ST 358 semiduro es <strong>adaptable<\/strong> y sigue los contornos de la pieza. Se puede utilizar de manera universal, especialmente para el acabado fino y el lijado de superficies y posee una buena resistencia t\u00e9rmica.<\/p>\n<h3>ST 358 \u2013 plato de apoyo en diferentes tama\u00f1os y versiones<\/h3>\n<p>El <strong>plato de soporte<\/strong> ST 358 semiduro est\u00e1 equipado con una tuerca de sujeci\u00f3n para los discos de fibra. Se debe prestar atenci\u00f3n a que el di\u00e1metro del plato de soporte y el tama\u00f1o del disco abrasivo sean compatibles. Para el modelo ST 358 est\u00e1n disponibles los tama\u00f1os usuales en la industria.<\/p>\n<h3>Lijado de alta velocidad con el plato de apoyo ST 358<\/h3>\n<p>Al lijar con alta velocidad es posible conseguir un alto poder de remoci\u00f3n. Para cada tama\u00f1o de disco se indica una velocidad m\u00e1xima que no se debe superar:<\/p>\n<ul>\n<li>13.300 vueltas por minuto para el di\u00e1metro de disco 115 mm<\/li>\n<li>12.200 vueltas por minuto para el di\u00e1metro de disco 125 mm<\/li>\n<li>8.500 vueltas por minuto para el di\u00e1metro de disco 180 mm<\/li>\n<\/ul>\n","protected":false},"excerpt":{"rendered":"<p>Accesorios \u2013 plato de soporte ST 358 semiduro para el acabado fino y la eliminaci\u00f3n de \u00f3xido Para el lijado con un alto poder de remoci\u00f3n es imprescindible disponer de unos productos abrasivos muy robustos y resistentes. Por este motivo se utilizan, sobre todo, discos de fibra; es decir, discos abrasivos con un soporte de [&hellip;]<\/p>\n","protected":false},"featured_media":583,"comment_status":"open","ping_status":"closed","template":"","meta":[],"product_cat":[77],"product_tag":[851,108],"class_list":{"0":"post-3251","1":"product","2":"type-product","3":"status-publish","4":"has-post-thumbnail","5":"hentry","6":"product_cat-klingpor","7":"product_tag-klingspor","8":"product_tag-plato-de-soporte","10":"entry","11":"has-media","12":"owp-thumbs-layout-horizontal","13":"owp-btn-normal","14":"owp-tabs-layout-horizontal","15":"has-no-thumbnails"},"_links":{"self":[{"href":"https:\/\/impafesa.com\/index.php\/wp-json\/wp\/v2\/product\/3251","targetHints":{"allow":["GET"]}}],"collection":[{"href":"https:\/\/impafesa.com\/index.php\/wp-json\/wp\/v2\/product"}],"about":[{"href":"https:\/\/impafesa.com\/index.php\/wp-json\/wp\/v2\/types\/product"}],"replies":[{"embeddable":true,"href":"https:\/\/impafesa.com\/index.php\/wp-json\/wp\/v2\/comments?post=3251"}],"wp:featuredmedia":[{"embeddable":true,"href":"https:\/\/impafesa.com\/index.php\/wp-json\/wp\/v2\/media\/583"}],"wp:attachment":[{"href":"https:\/\/impafesa.com\/index.php\/wp-json\/wp\/v2\/media?parent=3251"}],"wp:term":[{"taxonomy":"product_cat","embeddable":true,"href":"https:\/\/impafesa.com\/index.php\/wp-json\/wp\/v2\/product_cat?post=3251"},{"taxonomy":"product_tag","embeddable":true,"href":"https:\/\/impafesa.com\/index.php\/wp-json\/wp\/v2\/product_tag?post=3251"}],"curies":[{"name":"wp","href":"https:\/\/api.w.org\/{rel}","templated":true}]}}