{"id":3259,"date":"2022-11-30T22:19:13","date_gmt":"2022-11-30T22:19:13","guid":{"rendered":"https:\/\/impafesa.com\/?post_type=product&#038;p=3259"},"modified":"2022-11-30T22:19:14","modified_gmt":"2022-11-30T22:19:14","slug":"klingspor-disco-limpieza-4-1-2-metal-pintura-laca-masilla","status":"publish","type":"product","link":"https:\/\/impafesa.com\/index.php\/product\/klingspor-disco-limpieza-4-1-2-metal-pintura-laca-masilla\/","title":{"rendered":"KLINGSPOR DISCO LIMPIEZA 4.1\/2&#8242; METAL \/ PINTURA\/LACA \/ MASILLA"},"content":{"rendered":"<h2>NCD 200: disco de limpieza para metal, pintura, laca, masilla y pl\u00e1stico<\/h2>\n<p>El <strong>disco de limpieza<\/strong> NCD 200 es el complemento ideal para la <strong>amoladora angular<\/strong> para la <strong>eliminaci\u00f3n de decoloraciones<\/strong> y la limpieza de superficies. Est\u00e1 hecho de un fieltro de limpieza especial de SiC que no se emboza gracias a su estructura abierta. Klingspor utiliza para el aglutinante una resina sint\u00e9tica que potencia de manera \u00f3ptima las propiedades positivas del grano de SiC. El <strong>disco de limpieza<\/strong> NCD 200 es apropiado para el mecanizado de superficies<\/p>\n<ul>\n<li>de <strong>metal<\/strong>,<\/li>\n<li>con pintura y laca,<\/li>\n<li>con masilla,<\/li>\n<li>de pl\u00e1stico,<\/li>\n<li>de aluminio y<\/li>\n<li>de acero inoxidable.<\/li>\n<\/ul>\n<p>El disco est\u00e1 disponible en diferentes di\u00e1metros. Los modelos m\u00e1s peque\u00f1os son apropiados para una velocidad de giro de hasta 10.450 rpm. Cuanto m\u00e1s grande sea el <strong>disco de limpieza<\/strong>, m\u00e1s baja es la velocidad de giro admisible.<\/p>\n<h3>Fieltro de limpieza de SiC para un alto rendimiento constante<\/h3>\n<p>El grano de carburo de silicio del <strong>disco de limpieza<\/strong> es un material duro y resistente con una buena conductividad t\u00e9rmica. Por este motivo, el disco evita un calentamiento fuerte de las superficies, incluso a velocidades elevadas. La estructura abierta del fieltro de limpieza garantiza un alto rendimiento de lijado y una larga vida \u00fatil. La base para el producto abrasivo es un estable soporte de tejido de pl\u00e1stico reforzado con fibra de vidrio. Gracias a su resistencia, el material contribuye a la transmisi\u00f3n \u00f3ptima de la fuerza a la pieza. La seguridad es un aspecto importante en el mecanizado de superficies con la <strong>amoladora angular<\/strong> y otros equipos de lijado. Por este motivo existe una uni\u00f3n extraordinariamente resistente entre el plato base y el velo abrasivo de los productos Klingspor. La resistencia a la rotura de los discos supera de largo las especificaciones de las directivas oSa y de la norma de seguridad EN 13743.<\/p>\n<h3><strong>Disco de limpieza<\/strong> NCD 200 de superficie recta<\/h3>\n<p>El <strong>disco de limpieza<\/strong> NCD 200 muestra fibra sint\u00e9tica distribuida uniformemente en toda su superficie. En consecuencia forma parte de las herramientas abrasivas rectas y es ideal para el mecanizado de superficies amplias. De forma complementaria se dispone de discos de l\u00e1minas abrasivos abombados para la limpieza de cantos, cordones de soldadura y superficies peque\u00f1as. Debido a la menor superficie de uso, estos consiguen un mayor arranque de viruta en el uso puntual.<\/p>\n","protected":false},"excerpt":{"rendered":"<p>259043 &#8211; 4.1\/2\u201d X 7\/8\u201d NCD200<\/p>\n","protected":false},"featured_media":592,"comment_status":"open","ping_status":"closed","template":"","meta":[],"product_cat":[77],"product_tag":[90,87,110,851,89,111,112],"class_list":{"0":"post-3259","1":"product","2":"type-product","3":"status-publish","4":"has-post-thumbnail","5":"hentry","6":"product_cat-klingpor","7":"product_tag-acero","8":"product_tag-acero-inox","9":"product_tag-discos-de-limpieza","10":"product_tag-klingspor","11":"product_tag-metales-no-ferricos","12":"product_tag-pintura","13":"product_tag-plastico","15":"entry","16":"has-media","17":"owp-thumbs-layout-horizontal","18":"owp-btn-normal","19":"owp-tabs-layout-horizontal","20":"has-no-thumbnails"},"_links":{"self":[{"href":"https:\/\/impafesa.com\/index.php\/wp-json\/wp\/v2\/product\/3259","targetHints":{"allow":["GET"]}}],"collection":[{"href":"https:\/\/impafesa.com\/index.php\/wp-json\/wp\/v2\/product"}],"about":[{"href":"https:\/\/impafesa.com\/index.php\/wp-json\/wp\/v2\/types\/product"}],"replies":[{"embeddable":true,"href":"https:\/\/impafesa.com\/index.php\/wp-json\/wp\/v2\/comments?post=3259"}],"wp:featuredmedia":[{"embeddable":true,"href":"https:\/\/impafesa.com\/index.php\/wp-json\/wp\/v2\/media\/592"}],"wp:attachment":[{"href":"https:\/\/impafesa.com\/index.php\/wp-json\/wp\/v2\/media?parent=3259"}],"wp:term":[{"taxonomy":"product_cat","embeddable":true,"href":"https:\/\/impafesa.com\/index.php\/wp-json\/wp\/v2\/product_cat?post=3259"},{"taxonomy":"product_tag","embeddable":true,"href":"https:\/\/impafesa.com\/index.php\/wp-json\/wp\/v2\/product_tag?post=3259"}],"curies":[{"name":"wp","href":"https:\/\/api.w.org\/{rel}","templated":true}]}}