{"id":3260,"date":"2022-11-30T22:19:13","date_gmt":"2022-11-30T22:19:13","guid":{"rendered":"https:\/\/impafesa.com\/?post_type=product&#038;p=3260"},"modified":"2022-11-30T22:19:17","modified_gmt":"2022-11-30T22:19:17","slug":"klingspor-disco-velcro","status":"publish","type":"product","link":"https:\/\/impafesa.com\/index.php\/product\/klingspor-disco-velcro\/","title":{"rendered":"KLINGSPOR DISCO VELCRO"},"content":{"rendered":"<h2>Disco abrasivo PS 33 CK: el producto abrasivo vers\u00e1til de Klingspor<\/h2>\n<p>Especialmente para el uso en una <strong>lijadora exc\u00e9ntrica<\/strong>, el <strong>disco abrasivo<\/strong> <strong>PS 33 CK<\/strong> de Klingspor est\u00e1 dotado de un <strong>sistema de autosujeci\u00f3n<\/strong>. Con su fiable revestimiento de autosujeci\u00f3n en el dorso, el disco se puede montar f\u00e1cilmente apret\u00e1ndolo en la superficie de lijado de la m\u00e1quina. Gracias a la fijaci\u00f3n en toda la superficie, el <strong>disco abrasivo<\/strong> queda aplicado de manera lisa y firme. Por sus caracter\u00edsticas, este producto abrasivo es la elecci\u00f3n adecuada para trabajos de lijado en &#8211; pintura, &#8211; <strong>laca<\/strong>, &#8211; madera y &#8211; masilla.<\/p>\n<p>Klingspor ofrece los papeles abrasivos con diferentes di\u00e1metros y agujeros, de modo que son compatibles con todas las lijadoras usuales. Adem\u00e1s, los discos abrasivos sin perforaci\u00f3n son de uso universal. Al utilizar papeles abrasivos sin perforaci\u00f3n no es posible aspirar el polvo de lijado.<\/p>\n<h3>Disco abrasivo Klingspor con un alto poder de remoci\u00f3n<\/h3>\n<p>Los papeles abrasivos Klingspor <strong>PS 33 CK<\/strong> est\u00e1n dotados de granos de \u00f3xido de aluminio en distribuci\u00f3n semi-abierta. El \u00f3xido de aluminio sint\u00e9tico destaca por su dureza y su tenacidad. De esta manera, este <strong>disco abrasivo<\/strong> garantiza una elevada tasa de remoci\u00f3n y una larga vida \u00fatil. Los granos de \u00f3xido de aluminio tienen formas irregulares que abarcan desde cu\u00f1as hasta bloques. Gracias a sus caracter\u00edsticas cristalinas, los productos abrasivos de \u00f3xido de aluminio proporcionan unos resultados eficientes. La distribuci\u00f3n semi-abierta de los granos es ideal para mecanizar superficies de madera, pintura y <strong>laca<\/strong>. Con esta distribuci\u00f3n, los espacios entre los granos son suficientemente grandes para la evacuaci\u00f3n de los residuos de lijado y del polvo. En consecuencia, los residuos no se atascan entre los granos, lo cual ayuda a alargar la vida \u00fatil.<\/p>\n<h3>Agente aglomerante de resina sint\u00e9tica en soporte de papel (papel C) para m\u00faltiples aplicaciones<\/h3>\n<p>Como base para el <strong>disco abrasivo<\/strong> <strong>PS 33 CK<\/strong>, Klingspor utiliza un <strong>soporte de papel (papel C)<\/strong>. Se trata de un papel semi-pesado que se puede cortar, arrancar y doblar con facilidad. Para mecanizar puntos dif\u00edcilmente accesibles con la <strong>lijadora exc\u00e9ntrica<\/strong>, el papel abrasivo tambi\u00e9n se puede doblar o arrancar para permitir el lijado manual. Los granos de \u00f3xido de aluminio est\u00e1n fijados en el soporte de papel con la ayuda de resina sint\u00e9tica y dotados de un recubrimiento de resina sint\u00e9tica. Este barniz de acabado confiere su color al papel abrasivo y sirve como apoyo adicional frente a las fuerzas laterales que act\u00faan sobre el grano durante el lijado. Al iniciar el trabajo de lijado, la capa de resina sint\u00e9tica que cubre el grano se va eliminando autom\u00e1ticamente, por lo cual no perjudica el rendimiento de lijado.<\/p>\n","protected":false},"excerpt":{"rendered":"<p>146954 &#8211; 5\u201d GR 040 <\/p>\n<p> 147642 &#8211; 5&#8243; GR 060 <\/p>\n<p> 147643 &#8211; 5&#8243; GR 080 <\/p>\n<p> 147977 &#8211; 5&#8243; GR 100 <\/p>\n<p> 147170 &#8211; 5&#8243; GR 120 <\/p>\n<p> 150760 &#8211; 5&#8243; GR 150 <\/p>\n<p> 147837 &#8211; 5&#8243; GR 180 <\/p>\n<p> 150259 &#8211; 5&#8243; GR 220 <\/p>\n<p> 147838 &#8211; 5&#8243; GR 240 <\/p>\n<p> 147839 &#8211; 5&#8243; GR 320 <\/p>\n<p> 147644 &#8211; 5&#8243; GR 400 <\/p>\n<p> 147647 &#8211; 6&#8243; GR 040 <\/p>\n<p> 147124 &#8211; 6\u201d GR 060 <\/p>\n<p> 146946 &#8211; 6\u201d GR 080 <\/p>\n<p> 143694 &#8211; 6&#8243; GR 100 <\/p>\n<p> 146947 &#8211; 6&#8243; GR 120 <\/p>\n<p> 149151 &#8211; 6\u201d GR 150 <\/p>\n<p> 146948 &#8211; 6&#8243; GR 180 <\/p>\n<p> 149255 &#8211; 6&#8243; GR 220 <\/p>\n<p> 147126: &#8211; 6&#8243; GR 320 <\/p>\n<p> 147125 &#8211; 6\u201d GR 400 <\/p>\n<h4>Campos de aplicaci\u00f3n<\/h4>\n<ul>\n<li>Metal universal<\/li>\n<li>Madera y derivados de la madera<\/li>\n<li>Pintura \/ laca \/ masilla<\/li>\n<li>Acero<\/li>\n<li>Metales no f\u00e9rricos<\/li>\n<li>Pl\u00e1stico<\/li>\n<li>Acero inoxidable<\/li>\n<li>Vidrio<\/li>\n<li>Aluminio<\/li>\n<li>Titanio<\/li>\n<li>Cuero<\/li>\n<li>Materiales minerales<\/li>\n<li>Pl\u00e1stico<\/li>\n<\/ul>\n","protected":false},"featured_media":594,"comment_status":"open","ping_status":"closed","template":"","meta":[],"product_cat":[77],"product_tag":[113,851,114,116,115,111],"class_list":{"0":"post-3260","1":"product","2":"type-product","3":"status-publish","4":"has-post-thumbnail","5":"hentry","6":"product_cat-klingpor","7":"product_tag-discos-con-soporte-de-papel","8":"product_tag-klingspor","9":"product_tag-laca","10":"product_tag-madera","11":"product_tag-masilla","12":"product_tag-pintura","14":"entry","15":"has-media","16":"owp-thumbs-layout-horizontal","17":"owp-btn-normal","18":"owp-tabs-layout-horizontal","19":"has-no-thumbnails"},"_links":{"self":[{"href":"https:\/\/impafesa.com\/index.php\/wp-json\/wp\/v2\/product\/3260","targetHints":{"allow":["GET"]}}],"collection":[{"href":"https:\/\/impafesa.com\/index.php\/wp-json\/wp\/v2\/product"}],"about":[{"href":"https:\/\/impafesa.com\/index.php\/wp-json\/wp\/v2\/types\/product"}],"replies":[{"embeddable":true,"href":"https:\/\/impafesa.com\/index.php\/wp-json\/wp\/v2\/comments?post=3260"}],"wp:featuredmedia":[{"embeddable":true,"href":"https:\/\/impafesa.com\/index.php\/wp-json\/wp\/v2\/media\/594"}],"wp:attachment":[{"href":"https:\/\/impafesa.com\/index.php\/wp-json\/wp\/v2\/media?parent=3260"}],"wp:term":[{"taxonomy":"product_cat","embeddable":true,"href":"https:\/\/impafesa.com\/index.php\/wp-json\/wp\/v2\/product_cat?post=3260"},{"taxonomy":"product_tag","embeddable":true,"href":"https:\/\/impafesa.com\/index.php\/wp-json\/wp\/v2\/product_tag?post=3260"}],"curies":[{"name":"wp","href":"https:\/\/api.w.org\/{rel}","templated":true}]}}