{"id":3282,"date":"2022-11-30T22:19:16","date_gmt":"2022-11-30T22:19:16","guid":{"rendered":"https:\/\/impafesa.com\/?post_type=product&#038;p=3282"},"modified":"2022-11-30T22:19:21","modified_gmt":"2022-11-30T22:19:21","slug":"klinspor-disco-fs-764-act","status":"publish","type":"product","link":"https:\/\/impafesa.com\/index.php\/product\/klinspor-disco-fs-764-act\/","title":{"rendered":"KLINSPOR DISCO FS 764 ACT"},"content":{"rendered":"<h2>Disco de fibra CS 561 \u2013 discos abrasivos para un elevado arranque de viruta en acero y metales no f\u00e9rricos<\/h2>\n<p>Los <strong>discos de fibra vulcanizada<\/strong> CS 561 para acero y <strong>metales<\/strong> no f\u00e9rricos poseen unos valores de arranque de viruta muy buenos. Gracias al aglutinante de resina sint\u00e9tica, este producto es robusto, resistente y duradero. Los <strong>discos de fibra vulcanizada<\/strong> CS 561 son flexibles y ofrecen un rendimiento extremadamente elevado. Disponible en todos los di\u00e1metros usuales en la industria, el modelo CS 561 ofrece la selecci\u00f3n m\u00e1s amplia del programa de productos de Klingspor para discos de fibra. La extensa gama de granulometr\u00edas hace de CS 561 un producto abrasivo con m\u00faltiples usos para:<\/p>\n<ul>\n<li><strong>metal<\/strong>,<\/li>\n<li>metales no f\u00e9rricos,<\/li>\n<li>pl\u00e1stico y<\/li>\n<li>madera<\/li>\n<\/ul>\n<h3>Estructura de los discos de fibra CS 561<\/h3>\n<p>Este disco abrasivo est\u00e1 formado por un soporte de material compuesto con varias capas de grueso papel y un grano de dispersi\u00f3n cerrada de <strong>\u00f3xido de aluminio<\/strong>. El aglutinante que sujeta el grano en el soporte es un adhesivo basado en resina sint\u00e9tica.<\/p>\n<h3>Uso de los discos de fibra CS 561<\/h3>\n<p>Los <strong>discos de fibra vulcanizada<\/strong> CS 561 se utilizan en \u2013 amoladoras angulares. Gracias a la amplia gama de granulometr\u00edas disponibles, el disco abrasivo CS 561 tiene m\u00faltiples aplicaciones. En las granulometr\u00edas medias y finas se produce un elevado arranque de viruta en acero y metales no f\u00e9rricos. Con la granulometr\u00eda m\u00e1s gruesa, el modelo CS 561 se puede utilizar incluso para madera o pl\u00e1stico. Su construcci\u00f3n s\u00f3lida permite trabajar con velocidades de giro muy elevadas.<\/p>\n<h3>El lijado depende del plato de soporte<\/h3>\n<p>La elecci\u00f3n del plato de apoyo adecuado permite influir de manera determinante en el lijado. B\u00e1sicamente se dispone de dos tipos de plato de soporte:<\/p>\n<ul>\n<li>Plato de soporte ST 358 semiduro y liso<\/li>\n<li>Plato de soporte ST 358 A duro y estriado<\/li>\n<\/ul>\n<p>El plato de apoyo semiduro es apropiado para conseguir un lijado homog\u00e9neo y se adapta de manera flexible al contorno de la pieza. Es id\u00f3neo para un lijado m\u00e1s fino, para lijar contornos y para redondear cantos. Si se necesitan ejecutar trabajos de lijado bastos que requieran un elevado arranque de viruta, se emplea el modelo CS 561 en platos de soporte duros. El plato de soporte duro es particularmente apropiado para trabajos de desbarbado y para romper cantos.<\/p>\n","protected":false},"excerpt":{"rendered":"<p>10977 &#8211; 4.1\/2\u201d GR 016 <\/p>\n<p> 316469 &#8211; 4.1\/2&#8243; GR 024 <\/p>\n<p> 316470 &#8211; 4.1\/2&#8243; GR 036 <\/p>\n<p> 316471 &#8211; 4.1\/2\u201d GR 040 <\/p>\n<p> 316472 &#8211; 4.1\/2&#8243; GR 050 <\/p>\n<p> 316473 &#8211; 4.1\/2\u201d GR 060 <\/p>\n<p> 316474 &#8211; 4.1\/2\u201d GR 080 <\/p>\n<p> 10985 4.1\/2&#8243; GR 100 <\/p>\n<p> 316475 &#8211; 4.1\/2\u201d GR 120 <\/p>\n<p> 11057 &#8211; 7&#8243; GR 016 <\/p>\n<p> 316483 &#8211; 7&#8243; GR 024 <\/p>\n<p> 316484 &#8211; 7\u201d GR 036 <\/p>\n<p> 316485 &#8211; 7\u201d GR 040 <\/p>\n<p> 316486 &#8211; 7&#8243; GR 050 <\/p>\n<p> 316487 &#8211; 7\u201d GR 060 <\/p>\n<p> 316488 &#8211; 7\u201d GR 080 <\/p>\n<p> 11065 &#8211; 7&#8243; GR 100 <\/p>\n<p> 316489 &#8211; 7\u201d GR 120 <\/p>\n<h4>Campos de aplicaci\u00f3n<\/h4>\n<ul>\n<li>Acero<\/li>\n<li>Acero inoxidable<\/li>\n<li>Metales no f\u00e9rricos<\/li>\n<\/ul>\n","protected":false},"featured_media":617,"comment_status":"open","ping_status":"closed","template":"","meta":[],"product_cat":[77],"product_tag":[117,851,118,89],"class_list":{"0":"post-3282","1":"product","2":"type-product","3":"status-publish","4":"has-post-thumbnail","5":"hentry","6":"product_cat-klingpor","7":"product_tag-discos-de-fibra-vulcanizada-para-acero","8":"product_tag-klingspor","9":"product_tag-metal-universal","10":"product_tag-metales-no-ferricos","12":"entry","13":"has-media","14":"owp-thumbs-layout-horizontal","15":"owp-btn-normal","16":"owp-tabs-layout-horizontal","17":"has-no-thumbnails"},"_links":{"self":[{"href":"https:\/\/impafesa.com\/index.php\/wp-json\/wp\/v2\/product\/3282","targetHints":{"allow":["GET"]}}],"collection":[{"href":"https:\/\/impafesa.com\/index.php\/wp-json\/wp\/v2\/product"}],"about":[{"href":"https:\/\/impafesa.com\/index.php\/wp-json\/wp\/v2\/types\/product"}],"replies":[{"embeddable":true,"href":"https:\/\/impafesa.com\/index.php\/wp-json\/wp\/v2\/comments?post=3282"}],"wp:featuredmedia":[{"embeddable":true,"href":"https:\/\/impafesa.com\/index.php\/wp-json\/wp\/v2\/media\/617"}],"wp:attachment":[{"href":"https:\/\/impafesa.com\/index.php\/wp-json\/wp\/v2\/media?parent=3282"}],"wp:term":[{"taxonomy":"product_cat","embeddable":true,"href":"https:\/\/impafesa.com\/index.php\/wp-json\/wp\/v2\/product_cat?post=3282"},{"taxonomy":"product_tag","embeddable":true,"href":"https:\/\/impafesa.com\/index.php\/wp-json\/wp\/v2\/product_tag?post=3282"}],"curies":[{"name":"wp","href":"https:\/\/api.w.org\/{rel}","templated":true}]}}