{"id":3301,"date":"2022-11-30T22:19:18","date_gmt":"2022-11-30T22:19:18","guid":{"rendered":"https:\/\/impafesa.com\/?post_type=product&#038;p=3301"},"modified":"2022-11-30T22:19:21","modified_gmt":"2022-11-30T22:19:21","slug":"klingspor-disco-ceramico-fs-964-atc","status":"publish","type":"product","link":"https:\/\/impafesa.com\/index.php\/product\/klingspor-disco-ceramico-fs-964-atc\/","title":{"rendered":"KLINGSPOR DISCO CERAMICO FS 964 ATC"},"content":{"rendered":"<div class=\"langtext\">\n<h2>Discos de fibra FS 964 ACT para acero y acero inoxidable<\/h2>\n<h3>\u00bfQu\u00e9 distingue a los discos de fibra FS 964 ACT?<\/h3>\n<ul>\n<li>Efecto autoafilante<\/li>\n<li>Grano microcristalino<\/li>\n<li>Tecnolog\u00eda Advanced Coating<\/li>\n<li><strong>Adherencia de grano inmejorable<\/strong><\/li>\n<li>Alta agresividad a lo largo de toda la vida \u00fatil<\/li>\n<li>Discos Premium con una vida \u00fatil m\u00e1s larga<\/li>\n<li><strong>\u00d3xido cer\u00e1mico<\/strong><\/li>\n<\/ul>\n<p>Gracias a la amplia gama de granulometr\u00edas del disco de fibra FS 964 ACT, este se puede utilizar tanto para el lijado basto como para el acabado fino en <strong>acero<\/strong>. El grano microcristalino tiene el efecto de que el disco se vuelve a afilar autom\u00e1ticamente durante el lijado. En consecuencia, la agresividad con la cual el disco mecaniza el objeto a lijar no se ve mermada en ning\u00fan momento. La tecnolog\u00eda ACT o Advanced Coating Technology distingue el disco de fibra como producto Premium y consigue que los granos de <strong>\u00f3xido cer\u00e1mico<\/strong> tengan una <strong>adherencia inmejorable<\/strong> en el material de soporte de fibra vulcanizada.<\/p>\n<h3>\u00bfQu\u00e9 discos de fibra forman parte del programa de productos almacenados en nuestro almac\u00e9n?<\/h3>\n<p>Klingspor ofrece el <strong>disco de fibra vulcanizada<\/strong> en todos los di\u00e1metros usuales y en diferentes granulometr\u00edas, as\u00ed como, a elecci\u00f3n, con un orificio en estrella o un agujero redondo est\u00e1ndar. El plato de soporte est\u00e1 disponible, a elecci\u00f3n, para trabajos de lijado pesados o para el acabado fino. Klingspor corta todos los <strong>discos de fibra vulcanizada<\/strong> con la tecnolog\u00eda l\u00e1ser m\u00e1s moderna. Por este motivo resulta f\u00e1cil fabricar pedidos especiales que superen el programa de productos almacenados , por ejemplo formas de roseta o poligonales. Tambi\u00e9n es posible producir tama\u00f1os especiales. La empresa Klingspor dispone de ingenieros y t\u00e9cnicos que pueden atender todas las consultas relacionadas con el disco de fibra y proporcionar un asesoramiento y una asistencia personalizada. Klingspor ofrece un asesoramiento \u2013 exhaustivo en el mundo entero.<\/p>\n\n<table id=\"tablepress-5\" class=\"tablepress tablepress-id-5\">\n<thead>\n<tr class=\"row-1 odd\">\n\t<th class=\"column-1\">Di\u00e1metro\u200b\/mm<\/th><th class=\"column-2\">N\u00facleo\u200b\/mm<\/th><th class=\"column-3\">Grano\u200b<\/th><th class=\"column-4\">Vmax\u200b m\/s<\/th><th class=\"column-5\">RPM admisible\u200b<\/th><th class=\"column-6\">Abrasivos tipo\u200b<\/th><th class=\"column-7\">forma n\u00facleo\u200b<\/th><th class=\"column-8\">Referencia<\/th>\n<\/tr>\n<\/thead>\n<tbody class=\"row-hover\">\n<tr class=\"row-2 even\">\n\t<td class=\"column-1\">115<\/td><td class=\"column-2\">22<\/td><td class=\"column-3\">24<\/td><td class=\"column-4\">80<\/td><td class=\"column-5\">13.300<\/td><td class=\"column-6\">FS 964<\/td><td class=\"column-7\">agujero estrella<br \/>\n<\/td><td class=\"column-8\">330478<\/td>\n<\/tr>\n<tr class=\"row-3 odd\">\n\t<td class=\"column-1\">115<\/td><td class=\"column-2\">22<\/td><td class=\"column-3\">36<\/td><td class=\"column-4\">80<\/td><td class=\"column-5\">13.300<\/td><td class=\"column-6\">FS 964<br \/>\n<\/td><td class=\"column-7\">agujero estrella<br \/>\n<\/td><td class=\"column-8\">330498<\/td>\n<\/tr>\n<tr class=\"row-4 even\">\n\t<td class=\"column-1\">115<\/td><td class=\"column-2\">22<\/td><td class=\"column-3\">40<\/td><td class=\"column-4\">80<\/td><td class=\"column-5\">13.300<\/td><td class=\"column-6\">FS 964<br \/>\n<\/td><td class=\"column-7\">agujero estrella<br \/>\n<\/td><td class=\"column-8\">330482<\/td>\n<\/tr>\n<tr class=\"row-5 odd\">\n\t<td class=\"column-1\">115<\/td><td class=\"column-2\">22<\/td><td class=\"column-3\">50<\/td><td class=\"column-4\">80<\/td><td class=\"column-5\">13.300<\/td><td class=\"column-6\">FS 964<br \/>\n<\/td><td class=\"column-7\">agujero estrella<br \/>\n<\/td><td class=\"column-8\">330480<\/td>\n<\/tr>\n<tr class=\"row-6 even\">\n\t<td class=\"column-1\">115<\/td><td class=\"column-2\">22<\/td><td class=\"column-3\">60<\/td><td class=\"column-4\">80<\/td><td class=\"column-5\">13.300<\/td><td class=\"column-6\">FS 964<br \/>\n<\/td><td class=\"column-7\">agujero estrella<br \/>\n<\/td><td class=\"column-8\">330479<\/td>\n<\/tr>\n<tr class=\"row-7 odd\">\n\t<td class=\"column-1\">115<\/td><td class=\"column-2\">22<\/td><td class=\"column-3\">120<\/td><td class=\"column-4\">80<\/td><td class=\"column-5\">13.300<\/td><td class=\"column-6\">FS 964<br \/>\n<\/td><td class=\"column-7\">agujero estrella<br \/>\n<\/td><td class=\"column-8\">330483<\/td>\n<\/tr>\n<tr class=\"row-8 even\">\n\t<td class=\"column-1\">180<\/td><td class=\"column-2\">22<\/td><td class=\"column-3\">24<\/td><td class=\"column-4\">80<\/td><td class=\"column-5\">8.500<\/td><td class=\"column-6\">FS 964<br \/>\n<\/td><td class=\"column-7\">agujero estrella<br \/>\n<\/td><td class=\"column-8\">330489<\/td>\n<\/tr>\n<tr class=\"row-9 odd\">\n\t<td class=\"column-1\">180<\/td><td class=\"column-2\">22<\/td><td class=\"column-3\">36<\/td><td class=\"column-4\">80<\/td><td class=\"column-5\">8.500<\/td><td class=\"column-6\">FS 964<br \/>\n<\/td><td class=\"column-7\">agujero estrella<br \/>\n<\/td><td class=\"column-8\">330492<\/td>\n<\/tr>\n<tr class=\"row-10 even\">\n\t<td class=\"column-1\">180<\/td><td class=\"column-2\">22<\/td><td class=\"column-3\">40<\/td><td class=\"column-4\">80<\/td><td class=\"column-5\">8.500<\/td><td class=\"column-6\">FS 964<br \/>\n<\/td><td class=\"column-7\">agujero estrella<br \/>\n<\/td><td class=\"column-8\">330493<\/td>\n<\/tr>\n<tr class=\"row-11 odd\">\n\t<td class=\"column-1\">180<\/td><td class=\"column-2\">22<\/td><td class=\"column-3\">50<\/td><td class=\"column-4\">80<\/td><td class=\"column-5\">8.500<\/td><td class=\"column-6\">FS 964<br \/>\n<\/td><td class=\"column-7\">agujero estrella<br \/>\n<\/td><td class=\"column-8\">330494<\/td>\n<\/tr>\n<tr class=\"row-12 even\">\n\t<td class=\"column-1\">180<\/td><td class=\"column-2\">22<\/td><td class=\"column-3\">60<\/td><td class=\"column-4\">80<\/td><td class=\"column-5\">8.500<\/td><td class=\"column-6\">FS 964<br \/>\n<\/td><td class=\"column-7\">agujero estrella<br \/>\n<\/td><td class=\"column-8\">330495<\/td>\n<\/tr>\n<tr class=\"row-13 odd\">\n\t<td class=\"column-1\">180<\/td><td class=\"column-2\">22<\/td><td class=\"column-3\">80<\/td><td class=\"column-4\">80<\/td><td class=\"column-5\">8.500<\/td><td class=\"column-6\">FS 964<br \/>\n<\/td><td class=\"column-7\">agujero estrella<br \/>\n<\/td><td class=\"column-8\">330496<\/td>\n<\/tr>\n<tr class=\"row-14 even\">\n\t<td class=\"column-1\"><\/td><td class=\"column-2\"><\/td><td class=\"column-3\"><\/td><td class=\"column-4\"><\/td><td class=\"column-5\"><\/td><td class=\"column-6\">FS 964<br \/>\n<\/td><td class=\"column-7\">agujero estrella<br \/>\n<\/td><td class=\"column-8\">330497<\/td>\n<\/tr>\n<\/tbody>\n<\/table>\n<!-- #tablepress-5 from cache -->\n<\/div>\n<div class=\"weiterlesen\"><\/div>\n<div class=\"weniger\"><button class=\"button\">mostrar menos<\/button><\/div>\n","protected":false},"excerpt":{"rendered":"<p>330478 &#8211; 4.1\/2\u201d GR 024 <\/p>\n<p> 330498 &#8211; 4.1\/2&#8243; GR 036 <\/p>\n<p> 330482 &#8211; 4.1\/2\u201d GR 040 <\/p>\n<p> 330480 &#8211; 4.1\/2\u201d GR 060 <\/p>\n<p> 330479 &#8211; 4.1\/2\u201d GR 080 <\/p>\n<p> 330483 &#8211; 4.1\/2\u201d GR 120 <\/p>\n<p> 330489 &#8211; 4.!\/2&#8243; GR 024 <\/p>\n<p> 330492 &#8211; 7\u201d GR 036 <\/p>\n<p> 330493 &#8211; 7\u201d GR 040 <\/p>\n<p> 330494 &#8211; 7&#8243; GR 050 <\/p>\n<p> 330495 &#8211; 7\u201d GR 060 <\/p>\n<p> 330496 &#8211; 7\u201d GR 080 <\/p>\n<p> 330497 &#8211; 7\u201d GR 120 <\/p>\n<h4>Campos de aplicaci\u00f3n<\/h4>\n<ul>\n<li>Acero<\/li>\n<li>Acero inoxidable<\/li>\n<li>Metales no f\u00e9rricos<\/li>\n<\/ul>\n","protected":false},"featured_media":638,"comment_status":"open","ping_status":"closed","template":"","meta":[],"product_cat":[77],"product_tag":[90,87,117,851],"class_list":{"0":"post-3301","1":"product","2":"type-product","3":"status-publish","4":"has-post-thumbnail","5":"hentry","6":"product_cat-klingpor","7":"product_tag-acero","8":"product_tag-acero-inox","9":"product_tag-discos-de-fibra-vulcanizada-para-acero","10":"product_tag-klingspor","12":"entry","13":"has-media","14":"owp-thumbs-layout-horizontal","15":"owp-btn-normal","16":"owp-tabs-layout-horizontal","17":"has-no-thumbnails"},"_links":{"self":[{"href":"https:\/\/impafesa.com\/index.php\/wp-json\/wp\/v2\/product\/3301","targetHints":{"allow":["GET"]}}],"collection":[{"href":"https:\/\/impafesa.com\/index.php\/wp-json\/wp\/v2\/product"}],"about":[{"href":"https:\/\/impafesa.com\/index.php\/wp-json\/wp\/v2\/types\/product"}],"replies":[{"embeddable":true,"href":"https:\/\/impafesa.com\/index.php\/wp-json\/wp\/v2\/comments?post=3301"}],"wp:featuredmedia":[{"embeddable":true,"href":"https:\/\/impafesa.com\/index.php\/wp-json\/wp\/v2\/media\/638"}],"wp:attachment":[{"href":"https:\/\/impafesa.com\/index.php\/wp-json\/wp\/v2\/media?parent=3301"}],"wp:term":[{"taxonomy":"product_cat","embeddable":true,"href":"https:\/\/impafesa.com\/index.php\/wp-json\/wp\/v2\/product_cat?post=3301"},{"taxonomy":"product_tag","embeddable":true,"href":"https:\/\/impafesa.com\/index.php\/wp-json\/wp\/v2\/product_tag?post=3301"}],"curies":[{"name":"wp","href":"https:\/\/api.w.org\/{rel}","templated":true}]}}