{"id":3315,"date":"2022-11-30T22:19:19","date_gmt":"2022-11-30T22:19:19","guid":{"rendered":"https:\/\/impafesa.com\/?post_type=product&#038;p=3315"},"modified":"2022-11-30T22:19:24","modified_gmt":"2022-11-30T22:19:24","slug":"klingspor-disco-velcro-an400","status":"publish","type":"product","link":"https:\/\/impafesa.com\/index.php\/product\/klingspor-disco-velcro-an400\/","title":{"rendered":"KLINGSPOR DISCO VELCRO AN400"},"content":{"rendered":"<h2>Rejilla abrasiva AN 400<\/h2>\n<p>Con la <strong>rejilla abrasiva<\/strong> AN 400, el usuario se beneficia de una aspiraci\u00f3n efectiva del polvo en toda la superficie gracias a la estructura de rejilla abierta. Esto permite lijar pr\u00e1cticamente sin polvo. Otra ventaja es la multitud de campos de aplicaci\u00f3n que abarcan el trabajo en materiales como<\/p>\n<ul>\n<li>pintura,<\/li>\n<li>laca,<\/li>\n<li>masilla,<\/li>\n<li>recubrimientos de gelcoat,<\/li>\n<li>yeso,<\/li>\n<li>muros de yeso y cart\u00f3n,<\/li>\n<li>materiales compuestos,<\/li>\n<li>madera y<\/li>\n<li>materiales con madera.<\/li>\n<\/ul>\n<p>Asimismo, el usuario se beneficia de una extraordinaria protecci\u00f3n en el trabajo gracias a la reducida generaci\u00f3n de polvo. La oferta se completa con una alta agresividad y una vida \u00fatil m\u00e1s larga y una gran durabilidad. Adem\u00e1s, con esta <strong>rejilla abrasiva<\/strong> no se depende de sistemas de agujeros de aspiraci\u00f3n existentes. Los usuarios profesionales y los aficionados al bricolaje ambiciosos lo aprecian en igual medida.<\/p>\n<h3>Rejilla abrasiva con las m\u00e1ximas caracter\u00edsticas de calidad<\/h3>\n<p>La alta calidad es prioritaria en todos los productos del programa de Klingspor. Tambi\u00e9n es el caso del <strong>disco<\/strong> AN 400, dotado de \u00f3xido de aluminio como tipo de grano. Este tipo de grano muestra una tasa de remoci\u00f3n especialmente buena, adem\u00e1s de desgastarse solo lentamente. Est\u00e1 combinado con una resina sint\u00e9tica de alta calidad como aglutinante: De esta manera, el grano y el aglutinante est\u00e1n perfectamente adaptados entre ellos. Como soporte se utiliza una estable rejilla de poli\u00e9ster. As\u00ed, el usuario disfruta de todas las ventajas de un producto de m\u00e1ximo nivel.<\/p>\n<h3>Rejilla abrasiva con un amplio espectro de aplicaciones<\/h3>\n<p>La <strong>rejilla abrasiva<\/strong> AN 400 se puede utilizar de manera <strong>universal<\/strong> en todas las m\u00e1quinas corrientes en el mercado. Dado que la rejilla dispone de un <strong>sistema de sujeci\u00f3n autoadhesivo<\/strong>, el cambio de la herramienta resulta particularmente sencillo. Esto facilita considerablemente el trabajo en aplicaciones de larga duraci\u00f3n, sobre todo si se requieren cambios en intervalos relativamente cortos debido a unas tasas de remoci\u00f3n elevadas y el consiguiente desgaste. La empresa Klingspor tiene una oferta amplia de <strong>rejillas abrasivas<\/strong> con las dimensiones y granulometr\u00edas m\u00e1s diversas. De esta manera, el usuario est\u00e1 perfectamente preparado para cualquier tarea.<\/p>\n","protected":false},"excerpt":{"rendered":"<p>337898 &#8211; 5\u201d GR 080 <\/p>\n<p> 337899 &#8211; 5&#8243; GR 100 <\/p>\n<p> 337900 &#8211; 5&#8243; GR 120 <\/p>\n<p> 337901 &#8211; 5&#8243; GR 150 <\/p>\n<p> 337905 &#8211; 5&#8243; GR 180 <\/p>\n<p> 342143 &#8211; 5&#8243; GR 220 <\/p>\n<p> 337904 &#8211; 5\u201d GR 240 <\/p>\n<p> 337903 &#8211; 5&#8243; GR 320 <\/p>\n<p> 337883 &#8211; 6&#8243; GR 180 <\/p>\n<h4>Campos de aplicaci\u00f3n<\/h4>\n<ul>\n<li>Metal universal<\/li>\n<li>Madera y derivados de la madera<\/li>\n<li>Pintura \/ laca \/ masilla<\/li>\n<li>Acero<\/li>\n<li>Metales no f\u00e9rricos<\/li>\n<li>Pl\u00e1stico<\/li>\n<li>Acero inoxidable<\/li>\n<li>Vidrio<\/li>\n<li>Aluminio<\/li>\n<li>Titanio<\/li>\n<li>Cuero<\/li>\n<li>Materiales minerales<\/li>\n<li>Pl\u00e1stico<\/li>\n<\/ul>\n","protected":false},"featured_media":653,"comment_status":"open","ping_status":"closed","template":"","meta":[],"product_cat":[77],"product_tag":[851,114,116,115,121,122,119,120],"class_list":{"0":"post-3315","1":"product","2":"type-product","3":"status-publish","4":"has-post-thumbnail","5":"hentry","6":"product_cat-klingpor","7":"product_tag-klingspor","8":"product_tag-laca","9":"product_tag-madera","10":"product_tag-masilla","11":"product_tag-materiales-compuestos","12":"product_tag-materiales-con-madera","13":"product_tag-rejilla-abrasiva-para-pintura","14":"product_tag-yeso","16":"entry","17":"has-media","18":"owp-thumbs-layout-horizontal","19":"owp-btn-normal","20":"owp-tabs-layout-horizontal","21":"has-no-thumbnails"},"_links":{"self":[{"href":"https:\/\/impafesa.com\/index.php\/wp-json\/wp\/v2\/product\/3315","targetHints":{"allow":["GET"]}}],"collection":[{"href":"https:\/\/impafesa.com\/index.php\/wp-json\/wp\/v2\/product"}],"about":[{"href":"https:\/\/impafesa.com\/index.php\/wp-json\/wp\/v2\/types\/product"}],"replies":[{"embeddable":true,"href":"https:\/\/impafesa.com\/index.php\/wp-json\/wp\/v2\/comments?post=3315"}],"wp:featuredmedia":[{"embeddable":true,"href":"https:\/\/impafesa.com\/index.php\/wp-json\/wp\/v2\/media\/653"}],"wp:attachment":[{"href":"https:\/\/impafesa.com\/index.php\/wp-json\/wp\/v2\/media?parent=3315"}],"wp:term":[{"taxonomy":"product_cat","embeddable":true,"href":"https:\/\/impafesa.com\/index.php\/wp-json\/wp\/v2\/product_cat?post=3315"},{"taxonomy":"product_tag","embeddable":true,"href":"https:\/\/impafesa.com\/index.php\/wp-json\/wp\/v2\/product_tag?post=3315"}],"curies":[{"name":"wp","href":"https:\/\/api.w.org\/{rel}","templated":true}]}}